{"id":10438,"date":"2021-03-19T17:27:04","date_gmt":"2021-03-19T16:27:04","guid":{"rendered":"https:\/\/strasbourgnord.fr\/?page_id=10438"},"modified":"2021-03-19T17:29:41","modified_gmt":"2021-03-19T16:29:41","slug":"mentions-legales","status":"publish","type":"page","link":"https:\/\/strasbourgnord.fr\/index.php\/mentions-legales\/","title":{"rendered":"Mentions l\u00e9gales"},"content":{"rendered":"<style type=\"text\/css\"><\/style>\r\n<p><strong>EDITEUR DU SITE<\/strong><\/p>\r\n\r\n\r\n\r\n<p>Association Strasbourg Porte Nord &#8211; Chez Forgiarini<br \/>4 rue Transversale C<br \/>67550 Vendenheim<\/p>\r\n\r\n\r\n\r\n<p><a href=\"mailto:contact@strasbourgnord.fr\">contact@strasbourgnord.fr<\/a><\/p>\r\n\r\n\r\n\r\n<p><strong>PROPRI\u00c9T\u00c9<\/strong><\/p>\r\n\r\n\r\n\r\n<p>Ce site et chacun des \u00e9l\u00e9ments qui le constituent, notamment les \u00e9l\u00e9ments graphiques, sonores, les logiciels, codes sources, textes, images, bases de donn\u00e9es et autres cr\u00e9ations sont prot\u00e9g\u00e9s au titre du droit d\u2019auteur. Ils sont la propri\u00e9t\u00e9 exclusive de Strasbourg Porte Nord ou sont inclus sur le site avec l\u2019autorisation des titulaires des droits.<\/p>\r\n\r\n\r\n\r\n<p><br \/>Toute reproduction, extraction et\/ou diffusion, int\u00e9grale ou partielle, par quelque moyen que ce soit, de l\u2019un quelconque des \u00e9l\u00e9ments du site, sans l\u2019autorisation \u00e9crite de Strasbourg Porte Nord est interdite, si ce n\u2019est pour les stricts besoins de la consultation du site en ligne et constitue une contrefa\u00e7on sanctionn\u00e9e par les articles L. 335-2 et suivants du Code de la propri\u00e9t\u00e9 intellectuelle.<strong>`<\/strong><\/p>\r\n\r\n\r\n\r\n<p><strong>RESPONSABILIT\u00c9<\/strong><\/p>\r\n\r\n\r\n\r\n<p>La loi \u00ab Informatique et Libert\u00e9s \u00bb du 6 janvier 1978 modifi\u00e9e par la loi du 6 ao\u00fbt 2004 encadre la mise en oeuvre des fichiers ou des traitements de donn\u00e9es \u00e0 caract\u00e8re personnel qu\u2019ils soient automatis\u00e9s ou manuels. Vous disposez d\u2019un droit d\u2019acc\u00e8s, de modification, de rectification et de suppression des donn\u00e9es qui vous concernent (art. 34 de la loi \u00ab Informatique et Libert\u00e9s \u00bb).<br \/>Vous pouvez l\u2019exercer par courrier en \u00e9crivant \u00e0 cette adresse :<\/p>\r\n\r\n\r\n\r\n<p>Association Strasbourg Porte Nord<br \/>4 rue Transversale C<br \/>67550 Vendenheim<br \/>France<\/p>\r\n\r\n\r\n\r\n<p>Le pr\u00e9sent site web collecte des donn\u00e9es personnelles via des formulaires de saisie uniquement dans une but d\u2019information et de communication. Conform\u00e9ment \u00e0 la D\u00e9lib\u00e9ration n\u00b02006-138 du 9 mai 2006 il n\u2019a pas fait l\u2019objet d\u2019une d\u00e9claration sp\u00e9cifique aupr\u00e8s de la CNIL.<br \/>Malgr\u00e9 tous les efforts consentis pour assurer la fiabilit\u00e9 des informations contenues dans ce site,\u00a0Strasbourg Porte Nord ne saurait \u00eatre tenue pour responsable d\u2019erreurs ou d\u2019omissions ni de l\u2019usage qui pourrait \u00eatre fait de ces informations.<br \/>Strasbourg Porte Nord se r\u00e9serve le droit de modifier tout ou partie des informations contenues dans les pages du pr\u00e9sent site web sans notification pr\u00e9alable (textes, photos).Les informations pr\u00e9sent\u00e9es sur ce site sont n\u00e9cessairement partielles et n\u2019ont aucune valeur contractuelle.<br \/>La pr\u00e9sence de liens hypertextes dans les pages du pr\u00e9sent site renvoyant sur des sites web tierces n\u2019engage en rien Strasbourg Porte Nord sur le contenu qui pourrait y \u00eatre propos\u00e9, ni de l\u2019utilisation qui pourrait \u00eatre faite des donn\u00e9es s\u2019y rapportant.<\/p>\r\n\r\n\r\n\r\n<p><strong>H\u00c9BERGEMENT<\/strong><\/p>\r\n\r\n\r\n\r\n<p>L\u2019h\u00e9bergement du site web accessible \u00e0 l\u2019adresse url\u00a0<strong>https:\/\/strasbourgnord.fr<\/strong>\u00a0est assur\u00e9 par :<br \/><strong>OVH\u00a0SAS<\/strong> <br \/>2 rue Kellermann<br \/>BP 80157 &#8211; 59053 ROUBAIX CEDEX 1<br \/>France<\/p>\r\n\r\n\r\n\r\n<p><strong>R\u00c9ALISATION<\/strong><\/p>\r\n\r\n\r\n\r\n<p><a href=\"http:\/\/www.gillespeter.com\/\" target=\"_blank\" rel=\"noreferrer noopener\">Conception &amp; Webdesign : matiyouh.fr<\/a><\/p>\r\n\r\n\r\n\r\n<p>&nbsp;<\/p>\r\n","protected":false},"excerpt":{"rendered":"<p>EDITEUR DU SITE Association Strasbourg Porte Nord &#8211; Chez Forgiarini4 rue Transversale C67550 Vendenheim contact@strasbourgnord.fr PROPRI\u00c9T\u00c9 Ce site et chacun des \u00e9l\u00e9ments qui le constituent, notamment les \u00e9l\u00e9ments graphiques, sonores,&#8230;<\/p>\n","protected":false},"author":1,"featured_media":0,"parent":0,"menu_order":0,"comment_status":"closed","ping_status":"closed","template":"","meta":{"footnotes":""},"class_list":["post-10438","page","type-page","status-publish","hentry"],"yoast_head":"<!-- This site is optimized with the Yoast SEO plugin v27.2 - https:\/\/yoast.com\/product\/yoast-seo-wordpress\/ -->\n<title>Mentions l\u00e9gales - Strasbourg Nord<\/title>\n<meta name=\"robots\" content=\"index, follow, max-snippet:-1, max-image-preview:large, max-video-preview:-1\" \/>\n<link rel=\"canonical\" href=\"https:\/\/strasbourgnord.fr\/index.php\/mentions-legales\/\" \/>\n<meta property=\"og:locale\" content=\"fr_FR\" \/>\n<meta property=\"og:type\" content=\"article\" \/>\n<meta property=\"og:title\" content=\"Mentions l\u00e9gales - Strasbourg Nord\" \/>\n<meta property=\"og:description\" content=\"EDITEUR DU SITE Association Strasbourg Porte Nord &#8211; Chez Forgiarini4 rue Transversale C67550 Vendenheim contact@strasbourgnord.fr PROPRI\u00c9T\u00c9 Ce site et chacun des \u00e9l\u00e9ments qui le constituent, notamment les \u00e9l\u00e9ments graphiques, sonores,...\" \/>\n<meta property=\"og:url\" content=\"https:\/\/strasbourgnord.fr\/index.php\/mentions-legales\/\" \/>\n<meta property=\"og:site_name\" content=\"Strasbourg Nord\" \/>\n<meta property=\"article:publisher\" content=\"https:\/\/www.facebook.com\/strasbourgnord\" \/>\n<meta property=\"article:modified_time\" content=\"2021-03-19T16:29:41+00:00\" \/>\n<meta name=\"twitter:card\" content=\"summary_large_image\" \/>\n<meta name=\"twitter:label1\" content=\"Dur\u00e9e de lecture estim\u00e9e\" \/>\n\t<meta name=\"twitter:data1\" content=\"2 minutes\" \/>\n<script type=\"application\/ld+json\" class=\"yoast-schema-graph\">{\"@context\":\"https:\/\/schema.org\",\"@graph\":[{\"@type\":\"WebPage\",\"@id\":\"https:\/\/strasbourgnord.fr\/index.php\/mentions-legales\/\",\"url\":\"https:\/\/strasbourgnord.fr\/index.php\/mentions-legales\/\",\"name\":\"Mentions l\u00e9gales - Strasbourg Nord\",\"isPartOf\":{\"@id\":\"https:\/\/strasbourgnord.fr\/#website\"},\"datePublished\":\"2021-03-19T16:27:04+00:00\",\"dateModified\":\"2021-03-19T16:29:41+00:00\",\"breadcrumb\":{\"@id\":\"https:\/\/strasbourgnord.fr\/index.php\/mentions-legales\/#breadcrumb\"},\"inLanguage\":\"fr-FR\",\"potentialAction\":[{\"@type\":\"ReadAction\",\"target\":[\"https:\/\/strasbourgnord.fr\/index.php\/mentions-legales\/\"]}]},{\"@type\":\"BreadcrumbList\",\"@id\":\"https:\/\/strasbourgnord.fr\/index.php\/mentions-legales\/#breadcrumb\",\"itemListElement\":[{\"@type\":\"ListItem\",\"position\":1,\"name\":\"Home\",\"item\":\"https:\/\/strasbourgnord.fr\/\"},{\"@type\":\"ListItem\",\"position\":2,\"name\":\"Mentions l\u00e9gales\"}]},{\"@type\":\"WebSite\",\"@id\":\"https:\/\/strasbourgnord.fr\/#website\",\"url\":\"https:\/\/strasbourgnord.fr\/\",\"name\":\"Strasbourg Nord\",\"description\":\"Association des commer\u00e7ants de Strasbourg Nord\",\"publisher\":{\"@id\":\"https:\/\/strasbourgnord.fr\/#organization\"},\"potentialAction\":[{\"@type\":\"SearchAction\",\"target\":{\"@type\":\"EntryPoint\",\"urlTemplate\":\"https:\/\/strasbourgnord.fr\/?s={search_term_string}\"},\"query-input\":{\"@type\":\"PropertyValueSpecification\",\"valueRequired\":true,\"valueName\":\"search_term_string\"}}],\"inLanguage\":\"fr-FR\"},{\"@type\":\"Organization\",\"@id\":\"https:\/\/strasbourgnord.fr\/#organization\",\"name\":\"Association des commer\u00e7ants strasbourg nord\",\"url\":\"https:\/\/strasbourgnord.fr\/\",\"logo\":{\"@type\":\"ImageObject\",\"inLanguage\":\"fr-FR\",\"@id\":\"https:\/\/strasbourgnord.fr\/#\/schema\/logo\/image\/\",\"url\":\"https:\/\/strasbourgnord.fr\/wp-content\/uploads\/2021\/01\/logo_icon_spn.jpg\",\"contentUrl\":\"https:\/\/strasbourgnord.fr\/wp-content\/uploads\/2021\/01\/logo_icon_spn.jpg\",\"width\":512,\"height\":512,\"caption\":\"Association des commer\u00e7ants strasbourg nord\"},\"image\":{\"@id\":\"https:\/\/strasbourgnord.fr\/#\/schema\/logo\/image\/\"},\"sameAs\":[\"https:\/\/www.facebook.com\/strasbourgnord\",\"https:\/\/www.instagram.com\/strasbourg_nord\/\",\"https:\/\/www.linkedin.com\/company\/association-des-commer\u00e7ants-strasbourg-nord\/\"]}]}<\/script>\n<!-- \/ Yoast SEO plugin. -->","yoast_head_json":{"title":"Mentions l\u00e9gales - Strasbourg Nord","robots":{"index":"index","follow":"follow","max-snippet":"max-snippet:-1","max-image-preview":"max-image-preview:large","max-video-preview":"max-video-preview:-1"},"canonical":"https:\/\/strasbourgnord.fr\/index.php\/mentions-legales\/","og_locale":"fr_FR","og_type":"article","og_title":"Mentions l\u00e9gales - Strasbourg Nord","og_description":"EDITEUR DU SITE Association Strasbourg Porte Nord &#8211; Chez Forgiarini4 rue Transversale C67550 Vendenheim contact@strasbourgnord.fr PROPRI\u00c9T\u00c9 Ce site et chacun des \u00e9l\u00e9ments qui le constituent, notamment les \u00e9l\u00e9ments graphiques, sonores,...","og_url":"https:\/\/strasbourgnord.fr\/index.php\/mentions-legales\/","og_site_name":"Strasbourg Nord","article_publisher":"https:\/\/www.facebook.com\/strasbourgnord","article_modified_time":"2021-03-19T16:29:41+00:00","twitter_card":"summary_large_image","twitter_misc":{"Dur\u00e9e de lecture estim\u00e9e":"2 minutes"},"schema":{"@context":"https:\/\/schema.org","@graph":[{"@type":"WebPage","@id":"https:\/\/strasbourgnord.fr\/index.php\/mentions-legales\/","url":"https:\/\/strasbourgnord.fr\/index.php\/mentions-legales\/","name":"Mentions l\u00e9gales - Strasbourg Nord","isPartOf":{"@id":"https:\/\/strasbourgnord.fr\/#website"},"datePublished":"2021-03-19T16:27:04+00:00","dateModified":"2021-03-19T16:29:41+00:00","breadcrumb":{"@id":"https:\/\/strasbourgnord.fr\/index.php\/mentions-legales\/#breadcrumb"},"inLanguage":"fr-FR","potentialAction":[{"@type":"ReadAction","target":["https:\/\/strasbourgnord.fr\/index.php\/mentions-legales\/"]}]},{"@type":"BreadcrumbList","@id":"https:\/\/strasbourgnord.fr\/index.php\/mentions-legales\/#breadcrumb","itemListElement":[{"@type":"ListItem","position":1,"name":"Home","item":"https:\/\/strasbourgnord.fr\/"},{"@type":"ListItem","position":2,"name":"Mentions l\u00e9gales"}]},{"@type":"WebSite","@id":"https:\/\/strasbourgnord.fr\/#website","url":"https:\/\/strasbourgnord.fr\/","name":"Strasbourg Nord","description":"Association des commer\u00e7ants de Strasbourg Nord","publisher":{"@id":"https:\/\/strasbourgnord.fr\/#organization"},"potentialAction":[{"@type":"SearchAction","target":{"@type":"EntryPoint","urlTemplate":"https:\/\/strasbourgnord.fr\/?s={search_term_string}"},"query-input":{"@type":"PropertyValueSpecification","valueRequired":true,"valueName":"search_term_string"}}],"inLanguage":"fr-FR"},{"@type":"Organization","@id":"https:\/\/strasbourgnord.fr\/#organization","name":"Association des commer\u00e7ants strasbourg nord","url":"https:\/\/strasbourgnord.fr\/","logo":{"@type":"ImageObject","inLanguage":"fr-FR","@id":"https:\/\/strasbourgnord.fr\/#\/schema\/logo\/image\/","url":"https:\/\/strasbourgnord.fr\/wp-content\/uploads\/2021\/01\/logo_icon_spn.jpg","contentUrl":"https:\/\/strasbourgnord.fr\/wp-content\/uploads\/2021\/01\/logo_icon_spn.jpg","width":512,"height":512,"caption":"Association des commer\u00e7ants strasbourg nord"},"image":{"@id":"https:\/\/strasbourgnord.fr\/#\/schema\/logo\/image\/"},"sameAs":["https:\/\/www.facebook.com\/strasbourgnord","https:\/\/www.instagram.com\/strasbourg_nord\/","https:\/\/www.linkedin.com\/company\/association-des-commer\u00e7ants-strasbourg-nord\/"]}]}},"_links":{"self":[{"href":"https:\/\/strasbourgnord.fr\/index.php\/wp-json\/wp\/v2\/pages\/10438","targetHints":{"allow":["GET"]}}],"collection":[{"href":"https:\/\/strasbourgnord.fr\/index.php\/wp-json\/wp\/v2\/pages"}],"about":[{"href":"https:\/\/strasbourgnord.fr\/index.php\/wp-json\/wp\/v2\/types\/page"}],"author":[{"embeddable":true,"href":"https:\/\/strasbourgnord.fr\/index.php\/wp-json\/wp\/v2\/users\/1"}],"replies":[{"embeddable":true,"href":"https:\/\/strasbourgnord.fr\/index.php\/wp-json\/wp\/v2\/comments?post=10438"}],"version-history":[{"count":2,"href":"https:\/\/strasbourgnord.fr\/index.php\/wp-json\/wp\/v2\/pages\/10438\/revisions"}],"predecessor-version":[{"id":10440,"href":"https:\/\/strasbourgnord.fr\/index.php\/wp-json\/wp\/v2\/pages\/10438\/revisions\/10440"}],"wp:attachment":[{"href":"https:\/\/strasbourgnord.fr\/index.php\/wp-json\/wp\/v2\/media?parent=10438"}],"curies":[{"name":"wp","href":"https:\/\/api.w.org\/{rel}","templated":true}]}}