{"id":10524,"date":"2021-03-22T10:59:37","date_gmt":"2021-03-22T09:59:37","guid":{"rendered":"https:\/\/strasbourgnord.fr\/index.php\/jouer-sepanouir\/fitness-park-copy\/"},"modified":"2025-01-22T10:50:26","modified_gmt":"2025-01-22T09:50:26","slug":"joueclub-vendenheim","status":"publish","type":"page","link":"https:\/\/strasbourgnord.fr\/index.php\/jouer-sepanouir\/joueclub-vendenheim\/","title":{"rendered":"Jou\u00e9club"},"content":{"rendered":"<style type=\"text\/css\"> \n#cmsmasters_row_69d7224c1a8b86_76064266 .cmsmasters_row_outer_parent { \n\tpadding-top: 0px; \n} \n\n#cmsmasters_row_69d7224c1a8b86_76064266 .cmsmasters_row_outer_parent { \n\tpadding-bottom: 50px; \n} \n\n \n#cmsmasters_row_69d7224c1a9ea8_44551309 .cmsmasters_row_outer_parent { \n\tpadding-top: 50px; \n} \n\n#cmsmasters_row_69d7224c1a9ea8_44551309 .cmsmasters_row_outer_parent { \n\tpadding-bottom: 55px; \n} \n\n \n#cmsmasters_heading_69d7224c1acad7_99807848 { \n\ttext-align:left; \n\tmargin-top:0px; \n\tmargin-bottom:20px; \n} \n\n#cmsmasters_heading_69d7224c1acad7_99807848 .cmsmasters_heading { \n\ttext-align:left; \n} \n\n#cmsmasters_heading_69d7224c1acad7_99807848 .cmsmasters_heading, #cmsmasters_heading_69d7224c1acad7_99807848 .cmsmasters_heading a { \n\tfont-weight:700; \n\tfont-style:normal; \n} \n\n#cmsmasters_heading_69d7224c1acad7_99807848 .cmsmasters_heading_divider { \n} \n\n \n#cmsmasters_divider_69d7224c1ad1e2_28340028 { \n\tborder-bottom-width:1px; \n\tborder-bottom-style:solid; \n\tpadding-top:0px; \n\tmargin-bottom:30px; \n\tborder-bottom-color:#e6332a;\n} \n\r\n\t\t\t\t#cmsmasters_gallery_69d7224c1ad855_41297957 .cmsmasters_gallery {\r\n\t\t\t\t\tmargin:0 0 0 -15px;\r\n\t\t\t\t}\r\n\t\t\t\t\r\n\t\t\t\t#cmsmasters_gallery_69d7224c1ad855_41297957 .cmsmasters_gallery .cmsmasters_gallery_item {\r\n\t\t\t\t\tpadding:0 0 15px 15px;\r\n\t\t\t\t}\r\n\t\t\t \n#cmsmasters_heading_69d7224c1cce88_86903001 { \n\ttext-align:left; \n\tmargin-top:45px; \n\tmargin-bottom:10px; \n} \n\n#cmsmasters_heading_69d7224c1cce88_86903001 .cmsmasters_heading { \n\ttext-align:left; \n} \n\n#cmsmasters_heading_69d7224c1cce88_86903001 .cmsmasters_heading, #cmsmasters_heading_69d7224c1cce88_86903001 .cmsmasters_heading a { \n\tfont-weight:700; \n\tfont-style:normal; \n} \n\n#cmsmasters_heading_69d7224c1cce88_86903001 .cmsmasters_heading_divider { \n} \n\n \n#cmsmasters_divider_69d7224c1cd053_63097331 { \n\tborder-bottom-width:1px; \n\tborder-bottom-style:solid; \n\tpadding-top:20px; \n\tmargin-bottom:20px; \n\tborder-bottom-color:#e6332a;\n} \n \n#cmsmasters_heading_69d7224c1cd3c5_91415287 { \n\ttext-align:left; \n\tmargin-top:45px; \n\tmargin-bottom:10px; \n} \n\n#cmsmasters_heading_69d7224c1cd3c5_91415287 .cmsmasters_heading { \n\ttext-align:left; \n} \n\n#cmsmasters_heading_69d7224c1cd3c5_91415287 .cmsmasters_heading, #cmsmasters_heading_69d7224c1cd3c5_91415287 .cmsmasters_heading a { \n\tfont-weight:700; \n\tfont-style:normal; \n} \n\n#cmsmasters_heading_69d7224c1cd3c5_91415287 .cmsmasters_heading_divider { \n} \n\n \n#cmsmasters_heading_69d7224c1cd4d5_09305330 { \n\ttext-align:left; \n\tmargin-top:0px; \n\tmargin-bottom:30px; \n} \n\n#cmsmasters_heading_69d7224c1cd4d5_09305330 .cmsmasters_heading { \n\ttext-align:left; \n} \n\n#cmsmasters_heading_69d7224c1cd4d5_09305330 .cmsmasters_heading, #cmsmasters_heading_69d7224c1cd4d5_09305330 .cmsmasters_heading a { \n\tfont-weight:300; \n\tfont-style:normal; \n} \n\n#cmsmasters_heading_69d7224c1cd4d5_09305330 .cmsmasters_heading_divider { \n} \n\n \n#cmsmasters_divider_69d7224c1cd5e1_58650445 { \n\tborder-bottom-width:1px; \n\tborder-bottom-style:solid; \n\tpadding-top:0px; \n\tmargin-bottom:20px; \n\tborder-bottom-color:#e6332a;\n} \n \n#cmsmasters_heading_69d7224c1cd6e1_03779140 { \n\ttext-align:left; \n\tmargin-top:0px; \n\tmargin-bottom:10px; \n} \n\n#cmsmasters_heading_69d7224c1cd6e1_03779140 .cmsmasters_heading { \n\ttext-align:left; \n} \n\n#cmsmasters_heading_69d7224c1cd6e1_03779140 .cmsmasters_heading, #cmsmasters_heading_69d7224c1cd6e1_03779140 .cmsmasters_heading a { \n\tfont-weight:700; \n\tfont-style:normal; \n} \n\n#cmsmasters_heading_69d7224c1cd6e1_03779140 .cmsmasters_heading_divider { \n} \n\n \n#cmsmasters_heading_69d7224c1cd7f1_41989459 { \n\ttext-align:left; \n\tmargin-top:0px; \n\tmargin-bottom:30px; \n} \n\n#cmsmasters_heading_69d7224c1cd7f1_41989459 .cmsmasters_heading { \n\ttext-align:left; \n} \n\n#cmsmasters_heading_69d7224c1cd7f1_41989459 .cmsmasters_heading, #cmsmasters_heading_69d7224c1cd7f1_41989459 .cmsmasters_heading a { \n\tfont-weight:300; \n\tfont-style:normal; \n} \n\n#cmsmasters_heading_69d7224c1cd7f1_41989459 .cmsmasters_heading_divider { \n} \n\n \n#cmsmasters_divider_69d7224c1cd8e9_01254634 { \n\tborder-bottom-width:1px; \n\tborder-bottom-style:solid; \n\tpadding-top:0px; \n\tmargin-bottom:20px; \n\tborder-bottom-color:#e6332a;\n} \n \n#cmsmasters_heading_69d7224c1cda25_72862848 { \n\ttext-align:left; \n\tmargin-top:0px; \n\tmargin-bottom:10px; \n} \n\n#cmsmasters_heading_69d7224c1cda25_72862848 .cmsmasters_heading { \n\ttext-align:left; \n} \n\n#cmsmasters_heading_69d7224c1cda25_72862848 .cmsmasters_heading, #cmsmasters_heading_69d7224c1cda25_72862848 .cmsmasters_heading a { \n\tfont-weight:700; \n\tfont-style:normal; \n} \n\n#cmsmasters_heading_69d7224c1cda25_72862848 .cmsmasters_heading_divider { \n} \n\n \n#cmsmasters_heading_69d7224c1cdb77_78719796 { \n\ttext-align:left; \n\tmargin-top:0px; \n\tmargin-bottom:50px; \n} \n\n#cmsmasters_heading_69d7224c1cdb77_78719796 .cmsmasters_heading { \n\ttext-align:left; \n} \n\n#cmsmasters_heading_69d7224c1cdb77_78719796 .cmsmasters_heading, #cmsmasters_heading_69d7224c1cdb77_78719796 .cmsmasters_heading a { \n\tfont-weight:300; \n\tfont-style:normal; \n} \n\n#cmsmasters_heading_69d7224c1cdb77_78719796 .cmsmasters_heading_divider { \n} \n\n<\/style><div id=\"cmsmasters_row_69d7224c1a8b86_76064266\" class=\"cmsmasters_row cmsmasters_color_scheme_default cmsmasters_row_top_default cmsmasters_row_bot_default cmsmasters_row_boxed\">\n<div class=\"cmsmasters_row_outer_parent\">\n<div class=\"cmsmasters_row_outer\">\n<div class=\"cmsmasters_row_inner\">\n<div class=\"cmsmasters_row_margin\">\n<div class=\"cmsmasters_column one_first\">\n<\/div>\n<\/div>\n<\/div>\n<\/div>\n<\/div>\n<\/div>\n<div id=\"cmsmasters_row_69d7224c1a9ea8_44551309\" class=\"cmsmasters_row cmsmasters_color_scheme_default cmsmasters_row_top_default cmsmasters_row_bot_default cmsmasters_row_boxed\">\n<div class=\"cmsmasters_row_outer_parent\">\n<div class=\"cmsmasters_row_outer\">\n<div class=\"cmsmasters_row_inner\">\n<div class=\"cmsmasters_row_margin\">\n<div class=\"cmsmasters_column three_fourth\">\n\n<div id=\"cmsmasters_heading_69d7224c1acad7_99807848\" class=\"cmsmasters_heading_wrap cmsmasters_heading_align_left\">\n\t<h1 class=\"cmsmasters_heading\">JOU\u00c9CLUB<\/h1>\n<\/div><div class=\"cmsmasters_text\">\n<h2>VOTRE MAGASIN COPAIN<\/h2>\n<\/div>\n\n<div id=\"cmsmasters_divider_69d7224c1ad1e2_28340028\" class=\"cmsmasters_divider cmsmasters_divider_width_long cmsmasters_divider_pos_center\"><\/div>\n<div class=\"cmsmasters_text\">\n<p>Jou\u00e9Club Vendenheim est situ\u00e9 dans la zone commerciale Nord de Vendenheim,\u00a0 1 200m\u00b2 enti\u00e8rement d\u00e9di\u00e9s au jouet vous attendent avec en permanence les derni\u00e8res nouveaut\u00e9s pour votre plus grande satisfaction.<\/p>\n<p>Un parking juste devant pour emporter vos cadeaux, petits et grands (portiques, tobogans, karting\u2026).<\/p>\n<p>Vous trouverez une large gamme de plus de 10 000 r\u00e9f\u00e9rences avec les plus grandes marques et des produits Jou\u00e9Club avec un bon niveau qualit\u00e9\/prix.<\/p>\n<p>De grands espaces sur tous les diff\u00e9rents univers: le premier \u00e2ge, les voitures, les jeux de soci\u00e9t\u00e9, les univers filles et gar\u00e7ons, les loisirs cr\u00e9atifs, les peluches, les sciences, les puzzles, les maquettes, les cadeaux, les jouets d\u2019imitation, le plein air, les voitures \u00e9lectriques, les poup\u00e9es, les jouets radio command\u00e9s, la musique, les jeux de cartes\u2026 des id\u00e9es pour tous les go\u00fbts et tous les \u00e2ges\u00a0: b\u00e9b\u00e9s, enfants, adolescents, parents, grand parents\u2026<\/p>\n<p>Venez voir nos rayons d\u00e9di\u00e9es\u00a0: LEGO, POKEMON, COROLLE et nos nouveaux services\u00a0: achat et revente de jeux et jouets d\u2019occasion, listes anniversaires<\/p>\n<p>Toute l\u2019\u00e9quipe de Jou\u00e9club Vendenheim vous attend pour vous conseiller.<\/p>\n<p>Pour toute information, consultez notre site Internet:\u00a0<a id=\"m_-4426582714836066821LPlnk999692\" href=\"http:\/\/www.joueclub67.com\/\" target=\"_blank\" rel=\"noopener\" data-saferedirecturl=\"https:\/\/www.google.com\/url?q=http:\/\/www.joueclub67.com\/&amp;source=gmail&amp;ust=1737615405844000&amp;usg=AOvVaw1B4x1HqpGyBNvj4F4X5g-7\">www.joueclub67.com<\/a><br \/>\net pour l\u2019actualit\u00e9,\u00a0<a href=\"https:\/\/www.facebook.com\/JOUECLUBRUYERVendenheim\/\" target=\"_blank\" rel=\"noopener\" data-saferedirecturl=\"https:\/\/www.google.com\/url?q=https:\/\/www.facebook.com\/JOUECLUBRUYERVendenheim\/&amp;source=gmail&amp;ust=1737615405844000&amp;usg=AOvVaw0gTOE0EEnyDBZ7JS3p8r55\">notre mur Facebook<\/a><\/p>\n<\/div>\n<div class=\"cmsmasters_text\">\n<p>&nbsp;<\/p>\n<\/div>\n<div id=\"cmsmasters_gallery_69d7224c1ad855_41297957\" class=\"cmsmasters_gallery_wrap\"><ul class=\"cmsmasters_gallery cmsmasters_3 cmsmasters_more_items_loader\"><li class=\"cmsmasters_gallery_item\"><figure><a href=\"https:\/\/strasbourgnord.fr\/wp-content\/uploads\/2021\/03\/logo_joue_club.jpg\" rel=\"ilightbox[69d7224c1ad855_41297957]\"><img loading=\"lazy\" decoding=\"async\" width=\"460\" height=\"285\" src=\"https:\/\/strasbourgnord.fr\/wp-content\/uploads\/2021\/03\/logo_joue_club.jpg\" class=\"attachment-blog-masonry-thumb size-blog-masonry-thumb\" alt=\"Jou\u00e9club vendenheim\" srcset=\"https:\/\/strasbourgnord.fr\/wp-content\/uploads\/2021\/03\/logo_joue_club.jpg 460w, https:\/\/strasbourgnord.fr\/wp-content\/uploads\/2021\/03\/logo_joue_club-300x186.jpg 300w\" sizes=\"auto, (max-width: 460px) 100vw, 460px\" \/><\/a><\/figure><\/li><li class=\"cmsmasters_gallery_item\"><figure><a href=\"https:\/\/strasbourgnord.fr\/wp-content\/uploads\/2025\/01\/joueclub-vendenheim-bandeau-2025.jpg\" rel=\"ilightbox[69d7224c1ad855_41297957]\"><img loading=\"lazy\" decoding=\"async\" width=\"580\" height=\"375\" src=\"https:\/\/strasbourgnord.fr\/wp-content\/uploads\/2025\/01\/joueclub-vendenheim-bandeau-2025-580x375.jpg\" class=\"attachment-blog-masonry-thumb size-blog-masonry-thumb\" alt=\"Jou\u00e9club vendenheim\" \/><\/a><\/figure><\/li><li class=\"cmsmasters_gallery_item\"><figure><a href=\"https:\/\/strasbourgnord.fr\/wp-content\/uploads\/2022\/09\/visuel-joueclub-septembre-2022.png\" rel=\"ilightbox[69d7224c1ad855_41297957]\"><img loading=\"lazy\" decoding=\"async\" width=\"580\" height=\"375\" src=\"https:\/\/strasbourgnord.fr\/wp-content\/uploads\/2022\/09\/visuel-joueclub-septembre-2022-580x375.png\" class=\"attachment-blog-masonry-thumb size-blog-masonry-thumb\" alt=\"Jou\u00e9club vendenheim\" \/><\/a><\/figure><\/li><li class=\"cmsmasters_gallery_item\"><figure><a href=\"https:\/\/strasbourgnord.fr\/wp-content\/uploads\/2022\/10\/peluche-4.jpg\" rel=\"ilightbox[69d7224c1ad855_41297957]\"><img loading=\"lazy\" decoding=\"async\" width=\"580\" height=\"375\" src=\"https:\/\/strasbourgnord.fr\/wp-content\/uploads\/2022\/10\/peluche-4-580x375.jpg\" class=\"attachment-blog-masonry-thumb size-blog-masonry-thumb\" alt=\"\" \/><\/a><\/figure><\/li><li class=\"cmsmasters_gallery_item\"><figure><a href=\"https:\/\/strasbourgnord.fr\/wp-content\/uploads\/2022\/10\/barbie-2.jpg\" rel=\"ilightbox[69d7224c1ad855_41297957]\"><img loading=\"lazy\" decoding=\"async\" width=\"580\" height=\"375\" src=\"https:\/\/strasbourgnord.fr\/wp-content\/uploads\/2022\/10\/barbie-2-580x375.jpg\" class=\"attachment-blog-masonry-thumb size-blog-masonry-thumb\" alt=\"\" \/><\/a><\/figure><\/li><li class=\"cmsmasters_gallery_item\"><figure><a href=\"https:\/\/strasbourgnord.fr\/wp-content\/uploads\/2022\/10\/burago-2.jpg\" rel=\"ilightbox[69d7224c1ad855_41297957]\"><img loading=\"lazy\" decoding=\"async\" width=\"580\" height=\"375\" src=\"https:\/\/strasbourgnord.fr\/wp-content\/uploads\/2022\/10\/burago-2-580x375.jpg\" class=\"attachment-blog-masonry-thumb size-blog-masonry-thumb\" alt=\"\" \/><\/a><\/figure><\/li><\/ul><script type=\"text\/javascript\">\r\n\t\t\t\tjQuery(document).ready(function () {\r\n\t\t\t\t\t(function ($) {\r\n\t\t\t\t\t\tif ($('#cmsmasters_gallery_69d7224c1ad855_41297957').find('.cmsmasters_gallery_item').length == '0') {\r\n\t\t\t\t\t\t\treturn false;\r\n\t\t\t\t\t\t}\r\n\t\t\t\t\t\t\r\n\t\t\t\t\t\t\r\n\t\t\t\t\t\tstartGallery( \r\n\t\t\t\t\t\t\t'69d7224c1ad855_41297957', \r\n\t\t\t\t\t\t\t'grid', \r\n\t\t\t\t\t\t\t'false', \r\n\t\t\t\t\t\t\t'false' \r\n\t\t\t\t\t\t);\r\n\t\t\t\t\t} )(jQuery);\r\n\t\t\t\t} );\r\n\t\t\t<\/script>\r\n\t\t\t<\/div>\n<\/div>\n<div class=\"cmsmasters_column one_fourth\">\n\n<div id=\"cmsmasters_heading_69d7224c1cce88_86903001\" class=\"cmsmasters_heading_wrap cmsmasters_heading_align_left\">\n\t<h3 class=\"cmsmasters_heading\">Plan d&rsquo;acc\u00e8s<\/h3>\n<\/div>\n\n<div id=\"cmsmasters_divider_69d7224c1cd053_63097331\" class=\"cmsmasters_divider cmsmasters_divider_width_long cmsmasters_divider_pos_center\"><\/div>\n<div class=\"custom_html\">\n<p><center><iframe src=\"https:\/\/www.google.com\/maps\/embed?pb=!1m18!1m12!1m3!1d3462.4104869600906!2d7.726381315955404!3d48.65935252265407!2m3!1f0!2f0!3f0!3m2!1i1024!2i768!4f13.1!3m3!1m2!1s0x4796b87e391b9c83%3A0x3cd9085850a15be2!2sJou%C3%A9Club%20VENDENHEIM!5e1!3m2!1sfr!2sfr!4v1616407450895!5m2!1sfr!2sfr\" width=\"272\" height=\"272\" style=\"border:0;\" allowfullscreen=\"\" loading=\"lazy\"><\/iframe><\/center><\/p>\n<\/div>\n\n<div id=\"cmsmasters_heading_69d7224c1cd3c5_91415287\" class=\"cmsmasters_heading_wrap cmsmasters_heading_align_left\">\n\t<h3 class=\"cmsmasters_heading\">Horaires d&rsquo;ouverture<\/h3>\n<\/div>\n<div id=\"cmsmasters_heading_69d7224c1cd4d5_09305330\" class=\"cmsmasters_heading_wrap cmsmasters_heading_align_left\">\n\t<h5 class=\"cmsmasters_heading\">du Lundi au samedi de 9h30 \u00e0 19h00 &#8211; Horaires \u00e9largis pour P\u00e2ques et No\u00ebl : voir www.joueclub67.com<\/h5>\n<\/div>\n\n<div id=\"cmsmasters_divider_69d7224c1cd5e1_58650445\" class=\"cmsmasters_divider cmsmasters_divider_width_long cmsmasters_divider_pos_center\"><\/div>\n\n<div id=\"cmsmasters_heading_69d7224c1cd6e1_03779140\" class=\"cmsmasters_heading_wrap cmsmasters_heading_align_left\">\n\t<h3 class=\"cmsmasters_heading\">T\u00e9l\u00e9phone :<\/h3>\n<\/div>\n<div id=\"cmsmasters_heading_69d7224c1cd7f1_41989459\" class=\"cmsmasters_heading_wrap cmsmasters_heading_align_left\">\n\t<h5 class=\"cmsmasters_heading\"><a href=\"tel:0390226111\" target=\"_blank\">03 90 22 61 11<\/a><\/h5>\n<\/div>\n\n<div id=\"cmsmasters_divider_69d7224c1cd8e9_01254634\" class=\"cmsmasters_divider cmsmasters_divider_width_long cmsmasters_divider_pos_center\"><\/div>\n\n<div id=\"cmsmasters_heading_69d7224c1cda25_72862848\" class=\"cmsmasters_heading_wrap cmsmasters_heading_align_left\">\n\t<h3 class=\"cmsmasters_heading\">Site internet :<\/h3>\n<\/div>\n<div id=\"cmsmasters_heading_69d7224c1cdb77_78719796\" class=\"cmsmasters_heading_wrap cmsmasters_heading_align_left\">\n\t<h5 class=\"cmsmasters_heading\"><a href=\"https:\/\/www.joueclub.fr\/magasin\/joueclub-vendenheim.html\" target=\"_blank\">joueclub.fr<\/a><\/h5>\n<\/div>\n<\/div>\n<\/div>\n<\/div>\n<\/div>\n<\/div>\n<\/div>\n\n","protected":false},"excerpt":{"rendered":"","protected":false},"author":1,"featured_media":11864,"parent":9673,"menu_order":0,"comment_status":"closed","ping_status":"closed","template":"","meta":{"footnotes":""},"class_list":["post-10524","page","type-page","status-publish","has-post-thumbnail","hentry"],"yoast_head":"<!-- This site is optimized with the Yoast SEO plugin v27.2 - https:\/\/yoast.com\/product\/yoast-seo-wordpress\/ -->\n<title>Jou\u00e9club Vendenheim - Strasbourg Nord<\/title>\n<meta name=\"description\" content=\"1 200m\u00b2 enti\u00e8rement d\u00e9di\u00e9s au jouet vous attendent \u00e0 Jou\u00e9club \u00e0 vendenheim avec en permanence les derni\u00e8res nouveaut\u00e9s.\" \/>\n<meta name=\"robots\" content=\"index, follow, max-snippet:-1, max-image-preview:large, max-video-preview:-1\" \/>\n<link rel=\"canonical\" href=\"https:\/\/strasbourgnord.fr\/index.php\/jouer-sepanouir\/joueclub-vendenheim\/\" \/>\n<meta property=\"og:locale\" content=\"fr_FR\" \/>\n<meta property=\"og:type\" content=\"article\" \/>\n<meta property=\"og:title\" content=\"Jou\u00e9club Vendenheim - Strasbourg Nord\" \/>\n<meta property=\"og:description\" content=\"1 200m\u00b2 enti\u00e8rement d\u00e9di\u00e9s au jouet vous attendent \u00e0 Jou\u00e9club \u00e0 vendenheim avec en permanence les derni\u00e8res nouveaut\u00e9s.\" \/>\n<meta property=\"og:url\" content=\"https:\/\/strasbourgnord.fr\/index.php\/jouer-sepanouir\/joueclub-vendenheim\/\" \/>\n<meta property=\"og:site_name\" content=\"Strasbourg Nord\" \/>\n<meta property=\"article:publisher\" content=\"https:\/\/www.facebook.com\/strasbourgnord\" \/>\n<meta property=\"article:modified_time\" content=\"2025-01-22T09:50:26+00:00\" \/>\n<meta property=\"og:image\" content=\"https:\/\/strasbourgnord.fr\/wp-content\/uploads\/2025\/01\/joueclub-vendenheim-bandeau-2025.jpg\" \/>\n\t<meta property=\"og:image:width\" content=\"820\" \/>\n\t<meta property=\"og:image:height\" content=\"465\" \/>\n\t<meta property=\"og:image:type\" content=\"image\/jpeg\" \/>\n<meta name=\"twitter:card\" content=\"summary_large_image\" \/>\n<meta name=\"twitter:label1\" content=\"Dur\u00e9e de lecture estim\u00e9e\" \/>\n\t<meta name=\"twitter:data1\" content=\"2 minutes\" \/>\n<script type=\"application\/ld+json\" class=\"yoast-schema-graph\">{\"@context\":\"https:\/\/schema.org\",\"@graph\":[{\"@type\":\"WebPage\",\"@id\":\"https:\/\/strasbourgnord.fr\/index.php\/jouer-sepanouir\/joueclub-vendenheim\/\",\"url\":\"https:\/\/strasbourgnord.fr\/index.php\/jouer-sepanouir\/joueclub-vendenheim\/\",\"name\":\"Jou\u00e9club Vendenheim - Strasbourg Nord\",\"isPartOf\":{\"@id\":\"https:\/\/strasbourgnord.fr\/#website\"},\"primaryImageOfPage\":{\"@id\":\"https:\/\/strasbourgnord.fr\/index.php\/jouer-sepanouir\/joueclub-vendenheim\/#primaryimage\"},\"image\":{\"@id\":\"https:\/\/strasbourgnord.fr\/index.php\/jouer-sepanouir\/joueclub-vendenheim\/#primaryimage\"},\"thumbnailUrl\":\"https:\/\/strasbourgnord.fr\/wp-content\/uploads\/2025\/01\/joueclub-vendenheim-bandeau-2025.jpg\",\"datePublished\":\"2021-03-22T09:59:37+00:00\",\"dateModified\":\"2025-01-22T09:50:26+00:00\",\"description\":\"1 200m\u00b2 enti\u00e8rement d\u00e9di\u00e9s au jouet vous attendent \u00e0 Jou\u00e9club \u00e0 vendenheim avec en permanence les derni\u00e8res nouveaut\u00e9s.\",\"breadcrumb\":{\"@id\":\"https:\/\/strasbourgnord.fr\/index.php\/jouer-sepanouir\/joueclub-vendenheim\/#breadcrumb\"},\"inLanguage\":\"fr-FR\",\"potentialAction\":[{\"@type\":\"ReadAction\",\"target\":[\"https:\/\/strasbourgnord.fr\/index.php\/jouer-sepanouir\/joueclub-vendenheim\/\"]}]},{\"@type\":\"ImageObject\",\"inLanguage\":\"fr-FR\",\"@id\":\"https:\/\/strasbourgnord.fr\/index.php\/jouer-sepanouir\/joueclub-vendenheim\/#primaryimage\",\"url\":\"https:\/\/strasbourgnord.fr\/wp-content\/uploads\/2025\/01\/joueclub-vendenheim-bandeau-2025.jpg\",\"contentUrl\":\"https:\/\/strasbourgnord.fr\/wp-content\/uploads\/2025\/01\/joueclub-vendenheim-bandeau-2025.jpg\",\"width\":820,\"height\":465,\"caption\":\"Jou\u00e9club vendenheim\"},{\"@type\":\"BreadcrumbList\",\"@id\":\"https:\/\/strasbourgnord.fr\/index.php\/jouer-sepanouir\/joueclub-vendenheim\/#breadcrumb\",\"itemListElement\":[{\"@type\":\"ListItem\",\"position\":1,\"name\":\"Home\",\"item\":\"https:\/\/strasbourgnord.fr\/\"},{\"@type\":\"ListItem\",\"position\":2,\"name\":\"Jouer &#8211; S&rsquo;\u00e9panouir\",\"item\":\"https:\/\/strasbourgnord.fr\/index.php\/jouer-sepanouir\/\"},{\"@type\":\"ListItem\",\"position\":3,\"name\":\"Jou\u00e9club\"}]},{\"@type\":\"WebSite\",\"@id\":\"https:\/\/strasbourgnord.fr\/#website\",\"url\":\"https:\/\/strasbourgnord.fr\/\",\"name\":\"Strasbourg Nord\",\"description\":\"Association des commer\u00e7ants de Strasbourg Nord\",\"publisher\":{\"@id\":\"https:\/\/strasbourgnord.fr\/#organization\"},\"potentialAction\":[{\"@type\":\"SearchAction\",\"target\":{\"@type\":\"EntryPoint\",\"urlTemplate\":\"https:\/\/strasbourgnord.fr\/?s={search_term_string}\"},\"query-input\":{\"@type\":\"PropertyValueSpecification\",\"valueRequired\":true,\"valueName\":\"search_term_string\"}}],\"inLanguage\":\"fr-FR\"},{\"@type\":\"Organization\",\"@id\":\"https:\/\/strasbourgnord.fr\/#organization\",\"name\":\"Association des commer\u00e7ants strasbourg nord\",\"url\":\"https:\/\/strasbourgnord.fr\/\",\"logo\":{\"@type\":\"ImageObject\",\"inLanguage\":\"fr-FR\",\"@id\":\"https:\/\/strasbourgnord.fr\/#\/schema\/logo\/image\/\",\"url\":\"https:\/\/strasbourgnord.fr\/wp-content\/uploads\/2021\/01\/logo_icon_spn.jpg\",\"contentUrl\":\"https:\/\/strasbourgnord.fr\/wp-content\/uploads\/2021\/01\/logo_icon_spn.jpg\",\"width\":512,\"height\":512,\"caption\":\"Association des commer\u00e7ants strasbourg nord\"},\"image\":{\"@id\":\"https:\/\/strasbourgnord.fr\/#\/schema\/logo\/image\/\"},\"sameAs\":[\"https:\/\/www.facebook.com\/strasbourgnord\",\"https:\/\/www.instagram.com\/strasbourg_nord\/\",\"https:\/\/www.linkedin.com\/company\/association-des-commer\u00e7ants-strasbourg-nord\/\"]}]}<\/script>\n<!-- \/ Yoast SEO plugin. -->","yoast_head_json":{"title":"Jou\u00e9club Vendenheim - Strasbourg Nord","description":"1 200m\u00b2 enti\u00e8rement d\u00e9di\u00e9s au jouet vous attendent \u00e0 Jou\u00e9club \u00e0 vendenheim avec en permanence les derni\u00e8res nouveaut\u00e9s.","robots":{"index":"index","follow":"follow","max-snippet":"max-snippet:-1","max-image-preview":"max-image-preview:large","max-video-preview":"max-video-preview:-1"},"canonical":"https:\/\/strasbourgnord.fr\/index.php\/jouer-sepanouir\/joueclub-vendenheim\/","og_locale":"fr_FR","og_type":"article","og_title":"Jou\u00e9club Vendenheim - Strasbourg Nord","og_description":"1 200m\u00b2 enti\u00e8rement d\u00e9di\u00e9s au jouet vous attendent \u00e0 Jou\u00e9club \u00e0 vendenheim avec en permanence les derni\u00e8res nouveaut\u00e9s.","og_url":"https:\/\/strasbourgnord.fr\/index.php\/jouer-sepanouir\/joueclub-vendenheim\/","og_site_name":"Strasbourg Nord","article_publisher":"https:\/\/www.facebook.com\/strasbourgnord","article_modified_time":"2025-01-22T09:50:26+00:00","og_image":[{"width":820,"height":465,"url":"https:\/\/strasbourgnord.fr\/wp-content\/uploads\/2025\/01\/joueclub-vendenheim-bandeau-2025.jpg","type":"image\/jpeg"}],"twitter_card":"summary_large_image","twitter_misc":{"Dur\u00e9e de lecture estim\u00e9e":"2 minutes"},"schema":{"@context":"https:\/\/schema.org","@graph":[{"@type":"WebPage","@id":"https:\/\/strasbourgnord.fr\/index.php\/jouer-sepanouir\/joueclub-vendenheim\/","url":"https:\/\/strasbourgnord.fr\/index.php\/jouer-sepanouir\/joueclub-vendenheim\/","name":"Jou\u00e9club Vendenheim - Strasbourg Nord","isPartOf":{"@id":"https:\/\/strasbourgnord.fr\/#website"},"primaryImageOfPage":{"@id":"https:\/\/strasbourgnord.fr\/index.php\/jouer-sepanouir\/joueclub-vendenheim\/#primaryimage"},"image":{"@id":"https:\/\/strasbourgnord.fr\/index.php\/jouer-sepanouir\/joueclub-vendenheim\/#primaryimage"},"thumbnailUrl":"https:\/\/strasbourgnord.fr\/wp-content\/uploads\/2025\/01\/joueclub-vendenheim-bandeau-2025.jpg","datePublished":"2021-03-22T09:59:37+00:00","dateModified":"2025-01-22T09:50:26+00:00","description":"1 200m\u00b2 enti\u00e8rement d\u00e9di\u00e9s au jouet vous attendent \u00e0 Jou\u00e9club \u00e0 vendenheim avec en permanence les derni\u00e8res nouveaut\u00e9s.","breadcrumb":{"@id":"https:\/\/strasbourgnord.fr\/index.php\/jouer-sepanouir\/joueclub-vendenheim\/#breadcrumb"},"inLanguage":"fr-FR","potentialAction":[{"@type":"ReadAction","target":["https:\/\/strasbourgnord.fr\/index.php\/jouer-sepanouir\/joueclub-vendenheim\/"]}]},{"@type":"ImageObject","inLanguage":"fr-FR","@id":"https:\/\/strasbourgnord.fr\/index.php\/jouer-sepanouir\/joueclub-vendenheim\/#primaryimage","url":"https:\/\/strasbourgnord.fr\/wp-content\/uploads\/2025\/01\/joueclub-vendenheim-bandeau-2025.jpg","contentUrl":"https:\/\/strasbourgnord.fr\/wp-content\/uploads\/2025\/01\/joueclub-vendenheim-bandeau-2025.jpg","width":820,"height":465,"caption":"Jou\u00e9club vendenheim"},{"@type":"BreadcrumbList","@id":"https:\/\/strasbourgnord.fr\/index.php\/jouer-sepanouir\/joueclub-vendenheim\/#breadcrumb","itemListElement":[{"@type":"ListItem","position":1,"name":"Home","item":"https:\/\/strasbourgnord.fr\/"},{"@type":"ListItem","position":2,"name":"Jouer &#8211; S&rsquo;\u00e9panouir","item":"https:\/\/strasbourgnord.fr\/index.php\/jouer-sepanouir\/"},{"@type":"ListItem","position":3,"name":"Jou\u00e9club"}]},{"@type":"WebSite","@id":"https:\/\/strasbourgnord.fr\/#website","url":"https:\/\/strasbourgnord.fr\/","name":"Strasbourg Nord","description":"Association des commer\u00e7ants de Strasbourg Nord","publisher":{"@id":"https:\/\/strasbourgnord.fr\/#organization"},"potentialAction":[{"@type":"SearchAction","target":{"@type":"EntryPoint","urlTemplate":"https:\/\/strasbourgnord.fr\/?s={search_term_string}"},"query-input":{"@type":"PropertyValueSpecification","valueRequired":true,"valueName":"search_term_string"}}],"inLanguage":"fr-FR"},{"@type":"Organization","@id":"https:\/\/strasbourgnord.fr\/#organization","name":"Association des commer\u00e7ants strasbourg nord","url":"https:\/\/strasbourgnord.fr\/","logo":{"@type":"ImageObject","inLanguage":"fr-FR","@id":"https:\/\/strasbourgnord.fr\/#\/schema\/logo\/image\/","url":"https:\/\/strasbourgnord.fr\/wp-content\/uploads\/2021\/01\/logo_icon_spn.jpg","contentUrl":"https:\/\/strasbourgnord.fr\/wp-content\/uploads\/2021\/01\/logo_icon_spn.jpg","width":512,"height":512,"caption":"Association des commer\u00e7ants strasbourg nord"},"image":{"@id":"https:\/\/strasbourgnord.fr\/#\/schema\/logo\/image\/"},"sameAs":["https:\/\/www.facebook.com\/strasbourgnord","https:\/\/www.instagram.com\/strasbourg_nord\/","https:\/\/www.linkedin.com\/company\/association-des-commer\u00e7ants-strasbourg-nord\/"]}]}},"_links":{"self":[{"href":"https:\/\/strasbourgnord.fr\/index.php\/wp-json\/wp\/v2\/pages\/10524","targetHints":{"allow":["GET"]}}],"collection":[{"href":"https:\/\/strasbourgnord.fr\/index.php\/wp-json\/wp\/v2\/pages"}],"about":[{"href":"https:\/\/strasbourgnord.fr\/index.php\/wp-json\/wp\/v2\/types\/page"}],"author":[{"embeddable":true,"href":"https:\/\/strasbourgnord.fr\/index.php\/wp-json\/wp\/v2\/users\/1"}],"replies":[{"embeddable":true,"href":"https:\/\/strasbourgnord.fr\/index.php\/wp-json\/wp\/v2\/comments?post=10524"}],"version-history":[{"count":13,"href":"https:\/\/strasbourgnord.fr\/index.php\/wp-json\/wp\/v2\/pages\/10524\/revisions"}],"predecessor-version":[{"id":11866,"href":"https:\/\/strasbourgnord.fr\/index.php\/wp-json\/wp\/v2\/pages\/10524\/revisions\/11866"}],"up":[{"embeddable":true,"href":"https:\/\/strasbourgnord.fr\/index.php\/wp-json\/wp\/v2\/pages\/9673"}],"wp:featuredmedia":[{"embeddable":true,"href":"https:\/\/strasbourgnord.fr\/index.php\/wp-json\/wp\/v2\/media\/11864"}],"wp:attachment":[{"href":"https:\/\/strasbourgnord.fr\/index.php\/wp-json\/wp\/v2\/media?parent=10524"}],"curies":[{"name":"wp","href":"https:\/\/api.w.org\/{rel}","templated":true}]}}