{"id":10682,"date":"2021-03-22T20:18:54","date_gmt":"2021-03-22T19:18:54","guid":{"rendered":"https:\/\/strasbourgnord.fr\/index.php\/se-ravitailler\/cora-mundo-copy\/"},"modified":"2021-03-22T20:33:01","modified_gmt":"2021-03-22T19:33:01","slug":"e-leclerc-drive","status":"publish","type":"page","link":"https:\/\/strasbourgnord.fr\/index.php\/se-ravitailler\/e-leclerc-drive\/","title":{"rendered":"E.LECLERC DRIVE"},"content":{"rendered":"<style type=\"text\/css\"> \n#cmsmasters_row_69f2560ae0afc3_01256555 .cmsmasters_row_outer_parent { \n\tpadding-top: 0px; \n} \n\n#cmsmasters_row_69f2560ae0afc3_01256555 .cmsmasters_row_outer_parent { \n\tpadding-bottom: 50px; \n} \n\n \n#cmsmasters_row_69f2560ae0c1f8_86519217 .cmsmasters_row_outer_parent { \n\tpadding-top: 50px; \n} \n\n#cmsmasters_row_69f2560ae0c1f8_86519217 .cmsmasters_row_outer_parent { \n\tpadding-bottom: 55px; \n} \n\n \n#cmsmasters_heading_69f2560ae0e920_47946119 { \n\ttext-align:left; \n\tmargin-top:0px; \n\tmargin-bottom:20px; \n} \n\n#cmsmasters_heading_69f2560ae0e920_47946119 .cmsmasters_heading { \n\ttext-align:left; \n} \n\n#cmsmasters_heading_69f2560ae0e920_47946119 .cmsmasters_heading, #cmsmasters_heading_69f2560ae0e920_47946119 .cmsmasters_heading a { \n\tfont-weight:700; \n\tfont-style:normal; \n} \n\n#cmsmasters_heading_69f2560ae0e920_47946119 .cmsmasters_heading_divider { \n} \n\n \n#cmsmasters_divider_69f2560ae0ed96_92016860 { \n\tborder-bottom-width:1px; \n\tborder-bottom-style:solid; \n\tpadding-top:0px; \n\tmargin-bottom:30px; \n\tborder-bottom-color:#e6332a;\n} \n\r\n\t\t\t\t#cmsmasters_gallery_69f2560ae0f0f6_30702164 .cmsmasters_gallery {\r\n\t\t\t\t\tmargin:0 0 0 -15px;\r\n\t\t\t\t}\r\n\t\t\t\t\r\n\t\t\t\t#cmsmasters_gallery_69f2560ae0f0f6_30702164 .cmsmasters_gallery .cmsmasters_gallery_item {\r\n\t\t\t\t\tpadding:0 0 15px 15px;\r\n\t\t\t\t}\r\n\t\t\t \n#cmsmasters_heading_69f2560ae1fce3_24613256 { \n\ttext-align:left; \n\tmargin-top:45px; \n\tmargin-bottom:10px; \n} \n\n#cmsmasters_heading_69f2560ae1fce3_24613256 .cmsmasters_heading { \n\ttext-align:left; \n} \n\n#cmsmasters_heading_69f2560ae1fce3_24613256 .cmsmasters_heading, #cmsmasters_heading_69f2560ae1fce3_24613256 .cmsmasters_heading a { \n\tfont-weight:700; \n\tfont-style:normal; \n} \n\n#cmsmasters_heading_69f2560ae1fce3_24613256 .cmsmasters_heading_divider { \n} \n\n \n#cmsmasters_divider_69f2560ae1fe98_71710616 { \n\tborder-bottom-width:1px; \n\tborder-bottom-style:solid; \n\tpadding-top:20px; \n\tmargin-bottom:20px; \n\tborder-bottom-color:#e6332a;\n} \n \n#cmsmasters_heading_69f2560ae201a6_26598621 { \n\ttext-align:left; \n\tmargin-top:45px; \n\tmargin-bottom:10px; \n} \n\n#cmsmasters_heading_69f2560ae201a6_26598621 .cmsmasters_heading { \n\ttext-align:left; \n} \n\n#cmsmasters_heading_69f2560ae201a6_26598621 .cmsmasters_heading, #cmsmasters_heading_69f2560ae201a6_26598621 .cmsmasters_heading a { \n\tfont-weight:700; \n\tfont-style:normal; \n} \n\n#cmsmasters_heading_69f2560ae201a6_26598621 .cmsmasters_heading_divider { \n} \n\n \n#cmsmasters_heading_69f2560ae202a7_04590633 { \n\ttext-align:left; \n\tmargin-top:0px; \n\tmargin-bottom:30px; \n} \n\n#cmsmasters_heading_69f2560ae202a7_04590633 .cmsmasters_heading { \n\ttext-align:left; \n} \n\n#cmsmasters_heading_69f2560ae202a7_04590633 .cmsmasters_heading, #cmsmasters_heading_69f2560ae202a7_04590633 .cmsmasters_heading a { \n\tfont-weight:300; \n\tfont-style:normal; \n} \n\n#cmsmasters_heading_69f2560ae202a7_04590633 .cmsmasters_heading_divider { \n} \n\n \n#cmsmasters_divider_69f2560ae203a1_38003415 { \n\tborder-bottom-width:1px; \n\tborder-bottom-style:solid; \n\tpadding-top:0px; \n\tmargin-bottom:20px; \n\tborder-bottom-color:#e6332a;\n} \n \n#cmsmasters_heading_69f2560ae20499_30541406 { \n\ttext-align:left; \n\tmargin-top:0px; \n\tmargin-bottom:10px; \n} \n\n#cmsmasters_heading_69f2560ae20499_30541406 .cmsmasters_heading { \n\ttext-align:left; \n} \n\n#cmsmasters_heading_69f2560ae20499_30541406 .cmsmasters_heading, #cmsmasters_heading_69f2560ae20499_30541406 .cmsmasters_heading a { \n\tfont-weight:700; \n\tfont-style:normal; \n} \n\n#cmsmasters_heading_69f2560ae20499_30541406 .cmsmasters_heading_divider { \n} \n\n \n#cmsmasters_heading_69f2560ae20595_54543171 { \n\ttext-align:left; \n\tmargin-top:0px; \n\tmargin-bottom:30px; \n} \n\n#cmsmasters_heading_69f2560ae20595_54543171 .cmsmasters_heading { \n\ttext-align:left; \n} \n\n#cmsmasters_heading_69f2560ae20595_54543171 .cmsmasters_heading, #cmsmasters_heading_69f2560ae20595_54543171 .cmsmasters_heading a { \n\tfont-weight:300; \n\tfont-style:normal; \n} \n\n#cmsmasters_heading_69f2560ae20595_54543171 .cmsmasters_heading_divider { \n} \n\n \n#cmsmasters_divider_69f2560ae20682_05032154 { \n\tborder-bottom-width:1px; \n\tborder-bottom-style:solid; \n\tpadding-top:0px; \n\tmargin-bottom:20px; \n\tborder-bottom-color:#e6332a;\n} \n \n#cmsmasters_heading_69f2560ae20766_20355438 { \n\ttext-align:left; \n\tmargin-top:0px; \n\tmargin-bottom:10px; \n} \n\n#cmsmasters_heading_69f2560ae20766_20355438 .cmsmasters_heading { \n\ttext-align:left; \n} \n\n#cmsmasters_heading_69f2560ae20766_20355438 .cmsmasters_heading, #cmsmasters_heading_69f2560ae20766_20355438 .cmsmasters_heading a { \n\tfont-weight:700; \n\tfont-style:normal; \n} \n\n#cmsmasters_heading_69f2560ae20766_20355438 .cmsmasters_heading_divider { \n} \n\n \n#cmsmasters_heading_69f2560ae20869_87648759 { \n\ttext-align:left; \n\tmargin-top:0px; \n\tmargin-bottom:50px; \n} \n\n#cmsmasters_heading_69f2560ae20869_87648759 .cmsmasters_heading { \n\ttext-align:left; \n} \n\n#cmsmasters_heading_69f2560ae20869_87648759 .cmsmasters_heading, #cmsmasters_heading_69f2560ae20869_87648759 .cmsmasters_heading a { \n\tfont-weight:300; \n\tfont-style:normal; \n} \n\n#cmsmasters_heading_69f2560ae20869_87648759 .cmsmasters_heading_divider { \n} \n\n<\/style><div id=\"cmsmasters_row_69f2560ae0afc3_01256555\" class=\"cmsmasters_row cmsmasters_color_scheme_default cmsmasters_row_top_default cmsmasters_row_bot_default cmsmasters_row_boxed\">\n<div class=\"cmsmasters_row_outer_parent\">\n<div class=\"cmsmasters_row_outer\">\n<div class=\"cmsmasters_row_inner\">\n<div class=\"cmsmasters_row_margin\">\n<div class=\"cmsmasters_column one_first\">\n<\/div>\n<\/div>\n<\/div>\n<\/div>\n<\/div>\n<\/div>\n<div id=\"cmsmasters_row_69f2560ae0c1f8_86519217\" class=\"cmsmasters_row cmsmasters_color_scheme_default cmsmasters_row_top_default cmsmasters_row_bot_default cmsmasters_row_boxed\">\n<div class=\"cmsmasters_row_outer_parent\">\n<div class=\"cmsmasters_row_outer\">\n<div class=\"cmsmasters_row_inner\">\n<div class=\"cmsmasters_row_margin\">\n<div class=\"cmsmasters_column three_fourth\">\n\n<div id=\"cmsmasters_heading_69f2560ae0e920_47946119\" class=\"cmsmasters_heading_wrap cmsmasters_heading_align_left\">\n\t<h1 class=\"cmsmasters_heading\">E.LECLERC DRIVE<\/h1>\n<\/div><div class=\"cmsmasters_text\">\n<h3>D\u00c9FENDRE TOUT CE QUI COMPTE POUR VOUS<\/h3>\n<\/div>\n\n<div id=\"cmsmasters_divider_69f2560ae0ed96_92016860\" class=\"cmsmasters_divider cmsmasters_divider_width_long cmsmasters_divider_pos_center\"><\/div>\n<div class=\"cmsmasters_text\">\n<p>Retrouvez toutes les informations pratiques de votre Drive Lampertheim-Strasbourg-Nord : horaires d&rsquo;ouverture, adresse, plan d&rsquo;acc\u00e8s ou encore num\u00e9ro de t\u00e9l\u00e9phone du point de retrait.<\/p>\n<p>Vos courses en ligne sont pr\u00e9par\u00e9es en quelques heures seulement et charg\u00e9es gratuitement, en 5 minutes, dans le coffre de votre v\u00e9hicule.<\/p>\n<p>O\u00f9 que vous soyez, faites vos courses \u00e0 prix E.Leclerc depuis notre site et notre application mobile.<\/p>\n<\/div>\n<div id=\"cmsmasters_gallery_69f2560ae0f0f6_30702164\" class=\"cmsmasters_gallery_wrap\"><ul class=\"cmsmasters_gallery cmsmasters_3 cmsmasters_more_items_loader\"><li class=\"cmsmasters_gallery_item\"><figure><a href=\"https:\/\/strasbourgnord.fr\/wp-content\/uploads\/2021\/03\/logo_leclerc.jpg\" rel=\"ilightbox[69f2560ae0f0f6_30702164]\"><img loading=\"lazy\" decoding=\"async\" width=\"185\" height=\"114\" src=\"https:\/\/strasbourgnord.fr\/wp-content\/uploads\/2021\/03\/logo_leclerc.jpg\" class=\"attachment-blog-masonry-thumb size-blog-masonry-thumb\" alt=\"\" \/><\/a><\/figure><\/li><li class=\"cmsmasters_gallery_item\"><figure><a href=\"https:\/\/strasbourgnord.fr\/wp-content\/uploads\/2021\/03\/leclerc_5.jpg\" rel=\"ilightbox[69f2560ae0f0f6_30702164]\"><img loading=\"lazy\" decoding=\"async\" width=\"580\" height=\"375\" src=\"https:\/\/strasbourgnord.fr\/wp-content\/uploads\/2021\/03\/leclerc_5-580x375.jpg\" class=\"attachment-blog-masonry-thumb size-blog-masonry-thumb\" alt=\"\" \/><\/a><\/figure><\/li><li class=\"cmsmasters_gallery_item\"><figure><a href=\"https:\/\/strasbourgnord.fr\/wp-content\/uploads\/2021\/03\/leclerc_3.jpg\" rel=\"ilightbox[69f2560ae0f0f6_30702164]\"><img loading=\"lazy\" decoding=\"async\" width=\"580\" height=\"375\" src=\"https:\/\/strasbourgnord.fr\/wp-content\/uploads\/2021\/03\/leclerc_3-580x375.jpg\" class=\"attachment-blog-masonry-thumb size-blog-masonry-thumb\" alt=\"\" \/><\/a><\/figure><\/li><li class=\"cmsmasters_gallery_item\"><figure><a href=\"https:\/\/strasbourgnord.fr\/wp-content\/uploads\/2021\/03\/leclerc_4.jpg\" rel=\"ilightbox[69f2560ae0f0f6_30702164]\"><img loading=\"lazy\" decoding=\"async\" width=\"580\" height=\"375\" src=\"https:\/\/strasbourgnord.fr\/wp-content\/uploads\/2021\/03\/leclerc_4-580x375.jpg\" class=\"attachment-blog-masonry-thumb size-blog-masonry-thumb\" alt=\"\" \/><\/a><\/figure><\/li><li class=\"cmsmasters_gallery_item\"><figure><a href=\"https:\/\/strasbourgnord.fr\/wp-content\/uploads\/2021\/03\/leclerc_2.jpg\" rel=\"ilightbox[69f2560ae0f0f6_30702164]\"><img loading=\"lazy\" decoding=\"async\" width=\"580\" height=\"375\" src=\"https:\/\/strasbourgnord.fr\/wp-content\/uploads\/2021\/03\/leclerc_2-580x375.jpg\" class=\"attachment-blog-masonry-thumb size-blog-masonry-thumb\" alt=\"\" \/><\/a><\/figure><\/li><\/ul><script type=\"text\/javascript\">\r\n\t\t\t\tjQuery(document).ready(function () {\r\n\t\t\t\t\t(function ($) {\r\n\t\t\t\t\t\tif ($('#cmsmasters_gallery_69f2560ae0f0f6_30702164').find('.cmsmasters_gallery_item').length == '0') {\r\n\t\t\t\t\t\t\treturn false;\r\n\t\t\t\t\t\t}\r\n\t\t\t\t\t\t\r\n\t\t\t\t\t\t\r\n\t\t\t\t\t\tstartGallery( \r\n\t\t\t\t\t\t\t'69f2560ae0f0f6_30702164', \r\n\t\t\t\t\t\t\t'grid', \r\n\t\t\t\t\t\t\t'false', \r\n\t\t\t\t\t\t\t'false' \r\n\t\t\t\t\t\t);\r\n\t\t\t\t\t} )(jQuery);\r\n\t\t\t\t} );\r\n\t\t\t<\/script>\r\n\t\t\t<\/div>\n<\/div>\n<div class=\"cmsmasters_column one_fourth\">\n\n<div id=\"cmsmasters_heading_69f2560ae1fce3_24613256\" class=\"cmsmasters_heading_wrap cmsmasters_heading_align_left\">\n\t<h3 class=\"cmsmasters_heading\">Plan d&rsquo;acc\u00e8s<\/h3>\n<\/div>\n\n<div id=\"cmsmasters_divider_69f2560ae1fe98_71710616\" class=\"cmsmasters_divider cmsmasters_divider_width_long cmsmasters_divider_pos_center\"><\/div>\n<div class=\"custom_html\">\n<p><center><iframe src=\"https:\/\/www.google.com\/maps\/embed?pb=!1m18!1m12!1m3!1d3462.9264498914863!2d7.720039915879553!3d48.651840423181376!2m3!1f0!2f0!3f0!3m2!1i1024!2i768!4f13.1!3m3!1m2!1s0x4796b94d4417c6c3%3A0x6bf3d8cd339b9533!2sE.Leclerc%20DRIVE%20Lampertheim!5e1!3m2!1sfr!2sfr!4v1616440928528!5m2!1sfr!2sfr\" width=\"272\" height=\"272\" style=\"border:0;\" allowfullscreen=\"\" loading=\"lazy\"><\/iframe><\/center><\/p>\n<\/div>\n\n<div id=\"cmsmasters_heading_69f2560ae201a6_26598621\" class=\"cmsmasters_heading_wrap cmsmasters_heading_align_left\">\n\t<h3 class=\"cmsmasters_heading\">Horaires d&rsquo;ouverture<\/h3>\n<\/div>\n<div id=\"cmsmasters_heading_69f2560ae202a7_04590633\" class=\"cmsmasters_heading_wrap cmsmasters_heading_align_left\">\n\t<h5 class=\"cmsmasters_heading\">Du lundi au samedi de 7h \u00e0 18h<\/h5>\n<\/div>\n\n<div id=\"cmsmasters_divider_69f2560ae203a1_38003415\" class=\"cmsmasters_divider cmsmasters_divider_width_long cmsmasters_divider_pos_center\"><\/div>\n\n<div id=\"cmsmasters_heading_69f2560ae20499_30541406\" class=\"cmsmasters_heading_wrap cmsmasters_heading_align_left\">\n\t<h3 class=\"cmsmasters_heading\">T\u00e9l\u00e9phone :<\/h3>\n<\/div>\n<div id=\"cmsmasters_heading_69f2560ae20595_54543171\" class=\"cmsmasters_heading_wrap cmsmasters_heading_align_left\">\n\t<h5 class=\"cmsmasters_heading\"><a href=\"tel:0388109045\" target=\"_blank\">03 88 10 90 45<\/a><\/h5>\n<\/div>\n\n<div id=\"cmsmasters_divider_69f2560ae20682_05032154\" class=\"cmsmasters_divider cmsmasters_divider_width_long cmsmasters_divider_pos_center\"><\/div>\n\n<div id=\"cmsmasters_heading_69f2560ae20766_20355438\" class=\"cmsmasters_heading_wrap cmsmasters_heading_align_left\">\n\t<h3 class=\"cmsmasters_heading\">Site web :<\/h3>\n<\/div>\n<div id=\"cmsmasters_heading_69f2560ae20869_87648759\" class=\"cmsmasters_heading_wrap cmsmasters_heading_align_left\">\n\t<h5 class=\"cmsmasters_heading\"><a href=\"https:\/\/www.leclercdrive.fr\/region-grand-est\/strasbourg\/drive-lampertheim-strasbourgzone-nord.aspx\" target=\"_blank\">leclercdrive.fr<\/a><\/h5>\n<\/div>\n<\/div>\n<\/div>\n<\/div>\n<\/div>\n<\/div>\n<\/div>\n\n","protected":false},"excerpt":{"rendered":"","protected":false},"author":1,"featured_media":0,"parent":9675,"menu_order":0,"comment_status":"closed","ping_status":"closed","template":"","meta":{"footnotes":""},"class_list":["post-10682","page","type-page","status-publish","hentry"],"yoast_head":"<!-- This site is optimized with the Yoast SEO plugin v27.2 - https:\/\/yoast.com\/product\/yoast-seo-wordpress\/ -->\n<title>E.LECLERC DRIVE - Strasbourg Nord<\/title>\n<meta name=\"robots\" content=\"index, follow, max-snippet:-1, max-image-preview:large, max-video-preview:-1\" \/>\n<link rel=\"canonical\" href=\"https:\/\/strasbourgnord.fr\/index.php\/se-ravitailler\/e-leclerc-drive\/\" \/>\n<meta property=\"og:locale\" content=\"fr_FR\" \/>\n<meta property=\"og:type\" content=\"article\" \/>\n<meta property=\"og:title\" content=\"E.LECLERC DRIVE - Strasbourg Nord\" \/>\n<meta property=\"og:url\" content=\"https:\/\/strasbourgnord.fr\/index.php\/se-ravitailler\/e-leclerc-drive\/\" \/>\n<meta property=\"og:site_name\" content=\"Strasbourg Nord\" \/>\n<meta property=\"article:publisher\" content=\"https:\/\/www.facebook.com\/strasbourgnord\" \/>\n<meta property=\"article:modified_time\" content=\"2021-03-22T19:33:01+00:00\" \/>\n<meta name=\"twitter:card\" content=\"summary_large_image\" \/>\n<meta name=\"twitter:label1\" content=\"Dur\u00e9e de lecture estim\u00e9e\" \/>\n\t<meta name=\"twitter:data1\" content=\"1 minute\" \/>\n<script type=\"application\/ld+json\" class=\"yoast-schema-graph\">{\"@context\":\"https:\/\/schema.org\",\"@graph\":[{\"@type\":\"WebPage\",\"@id\":\"https:\/\/strasbourgnord.fr\/index.php\/se-ravitailler\/e-leclerc-drive\/\",\"url\":\"https:\/\/strasbourgnord.fr\/index.php\/se-ravitailler\/e-leclerc-drive\/\",\"name\":\"E.LECLERC DRIVE - Strasbourg Nord\",\"isPartOf\":{\"@id\":\"https:\/\/strasbourgnord.fr\/#website\"},\"datePublished\":\"2021-03-22T19:18:54+00:00\",\"dateModified\":\"2021-03-22T19:33:01+00:00\",\"breadcrumb\":{\"@id\":\"https:\/\/strasbourgnord.fr\/index.php\/se-ravitailler\/e-leclerc-drive\/#breadcrumb\"},\"inLanguage\":\"fr-FR\",\"potentialAction\":[{\"@type\":\"ReadAction\",\"target\":[\"https:\/\/strasbourgnord.fr\/index.php\/se-ravitailler\/e-leclerc-drive\/\"]}]},{\"@type\":\"BreadcrumbList\",\"@id\":\"https:\/\/strasbourgnord.fr\/index.php\/se-ravitailler\/e-leclerc-drive\/#breadcrumb\",\"itemListElement\":[{\"@type\":\"ListItem\",\"position\":1,\"name\":\"Home\",\"item\":\"https:\/\/strasbourgnord.fr\/\"},{\"@type\":\"ListItem\",\"position\":2,\"name\":\"Se ravitailler\",\"item\":\"https:\/\/strasbourgnord.fr\/index.php\/se-ravitailler\/\"},{\"@type\":\"ListItem\",\"position\":3,\"name\":\"E.LECLERC DRIVE\"}]},{\"@type\":\"WebSite\",\"@id\":\"https:\/\/strasbourgnord.fr\/#website\",\"url\":\"https:\/\/strasbourgnord.fr\/\",\"name\":\"Strasbourg Nord\",\"description\":\"Association des commer\u00e7ants de Strasbourg Nord\",\"publisher\":{\"@id\":\"https:\/\/strasbourgnord.fr\/#organization\"},\"potentialAction\":[{\"@type\":\"SearchAction\",\"target\":{\"@type\":\"EntryPoint\",\"urlTemplate\":\"https:\/\/strasbourgnord.fr\/?s={search_term_string}\"},\"query-input\":{\"@type\":\"PropertyValueSpecification\",\"valueRequired\":true,\"valueName\":\"search_term_string\"}}],\"inLanguage\":\"fr-FR\"},{\"@type\":\"Organization\",\"@id\":\"https:\/\/strasbourgnord.fr\/#organization\",\"name\":\"Association des commer\u00e7ants strasbourg nord\",\"url\":\"https:\/\/strasbourgnord.fr\/\",\"logo\":{\"@type\":\"ImageObject\",\"inLanguage\":\"fr-FR\",\"@id\":\"https:\/\/strasbourgnord.fr\/#\/schema\/logo\/image\/\",\"url\":\"https:\/\/strasbourgnord.fr\/wp-content\/uploads\/2021\/01\/logo_icon_spn.jpg\",\"contentUrl\":\"https:\/\/strasbourgnord.fr\/wp-content\/uploads\/2021\/01\/logo_icon_spn.jpg\",\"width\":512,\"height\":512,\"caption\":\"Association des commer\u00e7ants strasbourg nord\"},\"image\":{\"@id\":\"https:\/\/strasbourgnord.fr\/#\/schema\/logo\/image\/\"},\"sameAs\":[\"https:\/\/www.facebook.com\/strasbourgnord\",\"https:\/\/www.instagram.com\/strasbourg_nord\/\",\"https:\/\/www.linkedin.com\/company\/association-des-commer\u00e7ants-strasbourg-nord\/\"]}]}<\/script>\n<!-- \/ Yoast SEO plugin. -->","yoast_head_json":{"title":"E.LECLERC DRIVE - Strasbourg Nord","robots":{"index":"index","follow":"follow","max-snippet":"max-snippet:-1","max-image-preview":"max-image-preview:large","max-video-preview":"max-video-preview:-1"},"canonical":"https:\/\/strasbourgnord.fr\/index.php\/se-ravitailler\/e-leclerc-drive\/","og_locale":"fr_FR","og_type":"article","og_title":"E.LECLERC DRIVE - Strasbourg Nord","og_url":"https:\/\/strasbourgnord.fr\/index.php\/se-ravitailler\/e-leclerc-drive\/","og_site_name":"Strasbourg Nord","article_publisher":"https:\/\/www.facebook.com\/strasbourgnord","article_modified_time":"2021-03-22T19:33:01+00:00","twitter_card":"summary_large_image","twitter_misc":{"Dur\u00e9e de lecture estim\u00e9e":"1 minute"},"schema":{"@context":"https:\/\/schema.org","@graph":[{"@type":"WebPage","@id":"https:\/\/strasbourgnord.fr\/index.php\/se-ravitailler\/e-leclerc-drive\/","url":"https:\/\/strasbourgnord.fr\/index.php\/se-ravitailler\/e-leclerc-drive\/","name":"E.LECLERC DRIVE - Strasbourg Nord","isPartOf":{"@id":"https:\/\/strasbourgnord.fr\/#website"},"datePublished":"2021-03-22T19:18:54+00:00","dateModified":"2021-03-22T19:33:01+00:00","breadcrumb":{"@id":"https:\/\/strasbourgnord.fr\/index.php\/se-ravitailler\/e-leclerc-drive\/#breadcrumb"},"inLanguage":"fr-FR","potentialAction":[{"@type":"ReadAction","target":["https:\/\/strasbourgnord.fr\/index.php\/se-ravitailler\/e-leclerc-drive\/"]}]},{"@type":"BreadcrumbList","@id":"https:\/\/strasbourgnord.fr\/index.php\/se-ravitailler\/e-leclerc-drive\/#breadcrumb","itemListElement":[{"@type":"ListItem","position":1,"name":"Home","item":"https:\/\/strasbourgnord.fr\/"},{"@type":"ListItem","position":2,"name":"Se ravitailler","item":"https:\/\/strasbourgnord.fr\/index.php\/se-ravitailler\/"},{"@type":"ListItem","position":3,"name":"E.LECLERC DRIVE"}]},{"@type":"WebSite","@id":"https:\/\/strasbourgnord.fr\/#website","url":"https:\/\/strasbourgnord.fr\/","name":"Strasbourg Nord","description":"Association des commer\u00e7ants de Strasbourg Nord","publisher":{"@id":"https:\/\/strasbourgnord.fr\/#organization"},"potentialAction":[{"@type":"SearchAction","target":{"@type":"EntryPoint","urlTemplate":"https:\/\/strasbourgnord.fr\/?s={search_term_string}"},"query-input":{"@type":"PropertyValueSpecification","valueRequired":true,"valueName":"search_term_string"}}],"inLanguage":"fr-FR"},{"@type":"Organization","@id":"https:\/\/strasbourgnord.fr\/#organization","name":"Association des commer\u00e7ants strasbourg nord","url":"https:\/\/strasbourgnord.fr\/","logo":{"@type":"ImageObject","inLanguage":"fr-FR","@id":"https:\/\/strasbourgnord.fr\/#\/schema\/logo\/image\/","url":"https:\/\/strasbourgnord.fr\/wp-content\/uploads\/2021\/01\/logo_icon_spn.jpg","contentUrl":"https:\/\/strasbourgnord.fr\/wp-content\/uploads\/2021\/01\/logo_icon_spn.jpg","width":512,"height":512,"caption":"Association des commer\u00e7ants strasbourg nord"},"image":{"@id":"https:\/\/strasbourgnord.fr\/#\/schema\/logo\/image\/"},"sameAs":["https:\/\/www.facebook.com\/strasbourgnord","https:\/\/www.instagram.com\/strasbourg_nord\/","https:\/\/www.linkedin.com\/company\/association-des-commer\u00e7ants-strasbourg-nord\/"]}]}},"_links":{"self":[{"href":"https:\/\/strasbourgnord.fr\/index.php\/wp-json\/wp\/v2\/pages\/10682","targetHints":{"allow":["GET"]}}],"collection":[{"href":"https:\/\/strasbourgnord.fr\/index.php\/wp-json\/wp\/v2\/pages"}],"about":[{"href":"https:\/\/strasbourgnord.fr\/index.php\/wp-json\/wp\/v2\/types\/page"}],"author":[{"embeddable":true,"href":"https:\/\/strasbourgnord.fr\/index.php\/wp-json\/wp\/v2\/users\/1"}],"replies":[{"embeddable":true,"href":"https:\/\/strasbourgnord.fr\/index.php\/wp-json\/wp\/v2\/comments?post=10682"}],"version-history":[{"count":3,"href":"https:\/\/strasbourgnord.fr\/index.php\/wp-json\/wp\/v2\/pages\/10682\/revisions"}],"predecessor-version":[{"id":10692,"href":"https:\/\/strasbourgnord.fr\/index.php\/wp-json\/wp\/v2\/pages\/10682\/revisions\/10692"}],"up":[{"embeddable":true,"href":"https:\/\/strasbourgnord.fr\/index.php\/wp-json\/wp\/v2\/pages\/9675"}],"wp:attachment":[{"href":"https:\/\/strasbourgnord.fr\/index.php\/wp-json\/wp\/v2\/media?parent=10682"}],"curies":[{"name":"wp","href":"https:\/\/api.w.org\/{rel}","templated":true}]}}