{"id":10766,"date":"2021-03-23T10:03:39","date_gmt":"2021-03-23T09:03:39","guid":{"rendered":"https:\/\/strasbourgnord.fr\/index.php\/services\/credit-mutuel-copy\/"},"modified":"2023-10-02T19:34:49","modified_gmt":"2023-10-02T17:34:49","slug":"demeclic","status":"publish","type":"page","link":"https:\/\/strasbourgnord.fr\/index.php\/services\/demeclic\/","title":{"rendered":"DEMECLIC"},"content":{"rendered":"<style type=\"text\/css\"> \n#cmsmasters_row_69e49c1ebb7cd4_08181066 .cmsmasters_row_outer_parent { \n\tpadding-top: 0px; \n} \n\n#cmsmasters_row_69e49c1ebb7cd4_08181066 .cmsmasters_row_outer_parent { \n\tpadding-bottom: 50px; \n} \n\n \n#cmsmasters_row_69e49c1ebb8da5_39427194 .cmsmasters_row_outer_parent { \n\tpadding-top: 50px; \n} \n\n#cmsmasters_row_69e49c1ebb8da5_39427194 .cmsmasters_row_outer_parent { \n\tpadding-bottom: 55px; \n} \n\n \n#cmsmasters_heading_69e49c1ebb9c62_32996217 { \n\ttext-align:left; \n\tmargin-top:0px; \n\tmargin-bottom:20px; \n} \n\n#cmsmasters_heading_69e49c1ebb9c62_32996217 .cmsmasters_heading { \n\ttext-align:left; \n} \n\n#cmsmasters_heading_69e49c1ebb9c62_32996217 .cmsmasters_heading, #cmsmasters_heading_69e49c1ebb9c62_32996217 .cmsmasters_heading a { \n\tfont-weight:700; \n\tfont-style:normal; \n} \n\n#cmsmasters_heading_69e49c1ebb9c62_32996217 .cmsmasters_heading_divider { \n} \n\n \n#cmsmasters_divider_69e49c1ebb9fc7_88432225 { \n\tborder-bottom-width:1px; \n\tborder-bottom-style:solid; \n\tpadding-top:0px; \n\tmargin-bottom:30px; \n\tborder-bottom-color:#e6332a;\n} \n \n#cmsmasters_divider_69e49c1ebba2f5_01769821 { \n\tborder-bottom-width:0px; \n\tborder-bottom-style:solid; \n\tpadding-top:0px; \n\tmargin-bottom:30px; \n\tborder-bottom-color:#e6332a;\n} \n\r\n\t\t\t\t#cmsmasters_gallery_69e49c1ebba4b1_49555081 .cmsmasters_gallery {\r\n\t\t\t\t\tmargin:0 0 0 -15px;\r\n\t\t\t\t}\r\n\t\t\t\t\r\n\t\t\t\t#cmsmasters_gallery_69e49c1ebba4b1_49555081 .cmsmasters_gallery .cmsmasters_gallery_item {\r\n\t\t\t\t\tpadding:0 0 15px 15px;\r\n\t\t\t\t}\r\n\t\t\t \n#cmsmasters_heading_69e49c1ebced20_78480160 { \n\ttext-align:left; \n\tmargin-top:45px; \n\tmargin-bottom:10px; \n} \n\n#cmsmasters_heading_69e49c1ebced20_78480160 .cmsmasters_heading { \n\ttext-align:left; \n} \n\n#cmsmasters_heading_69e49c1ebced20_78480160 .cmsmasters_heading, #cmsmasters_heading_69e49c1ebced20_78480160 .cmsmasters_heading a { \n\tfont-weight:700; \n\tfont-style:normal; \n} \n\n#cmsmasters_heading_69e49c1ebced20_78480160 .cmsmasters_heading_divider { \n} \n\n \n#cmsmasters_divider_69e49c1ebceeb5_98801591 { \n\tborder-bottom-width:1px; \n\tborder-bottom-style:solid; \n\tpadding-top:20px; \n\tmargin-bottom:20px; \n\tborder-bottom-color:#e6332a;\n} \n \n#cmsmasters_heading_69e49c1ebcf1c0_43677946 { \n\ttext-align:left; \n\tmargin-top:45px; \n\tmargin-bottom:10px; \n} \n\n#cmsmasters_heading_69e49c1ebcf1c0_43677946 .cmsmasters_heading { \n\ttext-align:left; \n} \n\n#cmsmasters_heading_69e49c1ebcf1c0_43677946 .cmsmasters_heading, #cmsmasters_heading_69e49c1ebcf1c0_43677946 .cmsmasters_heading a { \n\tfont-weight:700; \n\tfont-style:normal; \n} \n\n#cmsmasters_heading_69e49c1ebcf1c0_43677946 .cmsmasters_heading_divider { \n} \n\n \n#cmsmasters_heading_69e49c1ebcf2c7_84732400 { \n\ttext-align:left; \n\tmargin-top:0px; \n\tmargin-bottom:30px; \n} \n\n#cmsmasters_heading_69e49c1ebcf2c7_84732400 .cmsmasters_heading { \n\ttext-align:left; \n} \n\n#cmsmasters_heading_69e49c1ebcf2c7_84732400 .cmsmasters_heading, #cmsmasters_heading_69e49c1ebcf2c7_84732400 .cmsmasters_heading a { \n\tfont-weight:300; \n\tfont-style:normal; \n} \n\n#cmsmasters_heading_69e49c1ebcf2c7_84732400 .cmsmasters_heading_divider { \n} \n\n \n#cmsmasters_divider_69e49c1ebcf3c5_68764868 { \n\tborder-bottom-width:1px; \n\tborder-bottom-style:solid; \n\tpadding-top:0px; \n\tmargin-bottom:20px; \n\tborder-bottom-color:#e6332a;\n} \n \n#cmsmasters_heading_69e49c1ebcf4b0_01585212 { \n\ttext-align:left; \n\tmargin-top:0px; \n\tmargin-bottom:10px; \n} \n\n#cmsmasters_heading_69e49c1ebcf4b0_01585212 .cmsmasters_heading { \n\ttext-align:left; \n} \n\n#cmsmasters_heading_69e49c1ebcf4b0_01585212 .cmsmasters_heading, #cmsmasters_heading_69e49c1ebcf4b0_01585212 .cmsmasters_heading a { \n\tfont-weight:700; \n\tfont-style:normal; \n} \n\n#cmsmasters_heading_69e49c1ebcf4b0_01585212 .cmsmasters_heading_divider { \n} \n\n \n#cmsmasters_heading_69e49c1ebcf5b9_95764866 { \n\ttext-align:left; \n\tmargin-top:0px; \n\tmargin-bottom:30px; \n} \n\n#cmsmasters_heading_69e49c1ebcf5b9_95764866 .cmsmasters_heading { \n\ttext-align:left; \n} \n\n#cmsmasters_heading_69e49c1ebcf5b9_95764866 .cmsmasters_heading, #cmsmasters_heading_69e49c1ebcf5b9_95764866 .cmsmasters_heading a { \n\tfont-weight:300; \n\tfont-style:normal; \n} \n\n#cmsmasters_heading_69e49c1ebcf5b9_95764866 .cmsmasters_heading_divider { \n} \n\n \n#cmsmasters_divider_69e49c1ebcf695_37075530 { \n\tborder-bottom-width:1px; \n\tborder-bottom-style:solid; \n\tpadding-top:0px; \n\tmargin-bottom:20px; \n\tborder-bottom-color:#e6332a;\n} \n \n#cmsmasters_heading_69e49c1ebcf787_40038408 { \n\ttext-align:left; \n\tmargin-top:0px; \n\tmargin-bottom:10px; \n} \n\n#cmsmasters_heading_69e49c1ebcf787_40038408 .cmsmasters_heading { \n\ttext-align:left; \n} \n\n#cmsmasters_heading_69e49c1ebcf787_40038408 .cmsmasters_heading, #cmsmasters_heading_69e49c1ebcf787_40038408 .cmsmasters_heading a { \n\tfont-weight:700; \n\tfont-style:normal; \n} \n\n#cmsmasters_heading_69e49c1ebcf787_40038408 .cmsmasters_heading_divider { \n} \n\n \n#cmsmasters_heading_69e49c1ebcf881_55768738 { \n\ttext-align:left; \n\tmargin-top:0px; \n\tmargin-bottom:50px; \n} \n\n#cmsmasters_heading_69e49c1ebcf881_55768738 .cmsmasters_heading { \n\ttext-align:left; \n} \n\n#cmsmasters_heading_69e49c1ebcf881_55768738 .cmsmasters_heading, #cmsmasters_heading_69e49c1ebcf881_55768738 .cmsmasters_heading a { \n\tfont-weight:300; \n\tfont-style:normal; \n} \n\n#cmsmasters_heading_69e49c1ebcf881_55768738 .cmsmasters_heading_divider { \n} \n\n<\/style><div id=\"cmsmasters_row_69e49c1ebb7cd4_08181066\" class=\"cmsmasters_row cmsmasters_color_scheme_default cmsmasters_row_top_default cmsmasters_row_bot_default cmsmasters_row_boxed\">\n<div class=\"cmsmasters_row_outer_parent\">\n<div class=\"cmsmasters_row_outer\">\n<div class=\"cmsmasters_row_inner\">\n<div class=\"cmsmasters_row_margin\">\n<div class=\"cmsmasters_column one_first\">\n<\/div>\n<\/div>\n<\/div>\n<\/div>\n<\/div>\n<\/div>\n<div id=\"cmsmasters_row_69e49c1ebb8da5_39427194\" class=\"cmsmasters_row cmsmasters_color_scheme_default cmsmasters_row_top_default cmsmasters_row_bot_default cmsmasters_row_boxed\">\n<div class=\"cmsmasters_row_outer_parent\">\n<div class=\"cmsmasters_row_outer\">\n<div class=\"cmsmasters_row_inner\">\n<div class=\"cmsmasters_row_margin\">\n<div class=\"cmsmasters_column three_fourth\">\n\n<div id=\"cmsmasters_heading_69e49c1ebb9c62_32996217\" class=\"cmsmasters_heading_wrap cmsmasters_heading_align_left\">\n\t<h1 class=\"cmsmasters_heading\">DEMECLIC<\/h1>\n<\/div><div class=\"cmsmasters_text\">\n<h3 class=\"LC20lb DKV0Md\">D\u00c9M\u00c9NAGEZ MALIN<\/h3>\n<\/div>\n\n<div id=\"cmsmasters_divider_69e49c1ebb9fc7_88432225\" class=\"cmsmasters_divider cmsmasters_divider_width_long cmsmasters_divider_pos_center\"><\/div>\n<div class=\"cmsmasters_text\">\n<h2>SERVICE PROFESSIONNEL, R\u00c9DUCTION DES CO\u00dbTS, GARANTIES<\/h2>\n<h3>LE PRINCIPE ?<\/h3>\n<p>Demeclic est un service convivial et participatif de d\u00e9m\u00e9nagement, une solution souple qui permet d\u2019associer son r\u00e9seau familial ou amical \u00e0 l\u2019intervention de professionnels pour r\u00e9duire les co\u00fbts.<\/p>\n<p>Pourquoi payer pour ce que l\u2019on sait ou souhaite faire ? Plus il y a de participants, moins le d\u00e9m\u00e9nagement co\u00fbte cher ! Le service offre la possibilit\u00e9 d\u2019associer jusqu\u2019\u00e0 5 personnes de son entourage. Source d\u2019\u00e9conomie, le client fait \u00e9galement son devis en ligne, lib\u00e8re ainsi du temps et obtient une offre en quelques clics. Enfin, l\u2019objectif de l\u2019\u00e9quipe Demeclic est aussi de transformer les journ\u00e9es de d\u00e9m\u00e9nagements en un moment convivial.<\/p>\n<p>\u00c0 quel prix ?<\/p>\n<p><strong>L\u2019\u00e9conomie r\u00e9alis\u00e9e peut atteindre jusqu\u2019\u00e0 70% en comparaison avec une offre de d\u00e9m\u00e9nagement classique.<\/strong><\/p>\n<p>Exemple : Le d\u00e9m\u00e9nagement d\u2019un volume de 30m3 par une soci\u00e9t\u00e9 sp\u00e9cialis\u00e9e classique peut atteindre 1200\u20ac contre 415 \u20ac avec la solution participative Demeclic.<\/p>\n<\/div>\n\n\n<div id=\"cmsmasters_divider_69e49c1ebba2f5_01769821\" class=\"cl\"><\/div>\n<div id=\"cmsmasters_gallery_69e49c1ebba4b1_49555081\" class=\"cmsmasters_gallery_wrap\"><ul class=\"cmsmasters_gallery cmsmasters_3 cmsmasters_more_items_loader\"><li class=\"cmsmasters_gallery_item\"><figure><a href=\"https:\/\/strasbourgnord.fr\/wp-content\/uploads\/2023\/10\/logo-demeclic.png\" rel=\"ilightbox[69e49c1ebba4b1_49555081]\"><img loading=\"lazy\" decoding=\"async\" width=\"580\" height=\"375\" src=\"https:\/\/strasbourgnord.fr\/wp-content\/uploads\/2023\/10\/logo-demeclic-580x375.png\" class=\"attachment-blog-masonry-thumb size-blog-masonry-thumb\" alt=\"\" srcset=\"https:\/\/strasbourgnord.fr\/wp-content\/uploads\/2023\/10\/logo-demeclic-580x375.png 580w, https:\/\/strasbourgnord.fr\/wp-content\/uploads\/2023\/10\/logo-demeclic-1160x750.png 1160w\" sizes=\"auto, (max-width: 580px) 100vw, 580px\" \/><\/a><\/figure><\/li><li class=\"cmsmasters_gallery_item\"><figure><a href=\"https:\/\/strasbourgnord.fr\/wp-content\/uploads\/2023\/10\/DSC6871.jpg\" rel=\"ilightbox[69e49c1ebba4b1_49555081]\"><img loading=\"lazy\" decoding=\"async\" width=\"580\" height=\"375\" src=\"https:\/\/strasbourgnord.fr\/wp-content\/uploads\/2023\/10\/DSC6871-580x375.jpg\" class=\"attachment-blog-masonry-thumb size-blog-masonry-thumb\" alt=\"\" srcset=\"https:\/\/strasbourgnord.fr\/wp-content\/uploads\/2023\/10\/DSC6871-580x375.jpg 580w, https:\/\/strasbourgnord.fr\/wp-content\/uploads\/2023\/10\/DSC6871-1160x750.jpg 1160w\" sizes=\"auto, (max-width: 580px) 100vw, 580px\" \/><\/a><\/figure><\/li><li class=\"cmsmasters_gallery_item\"><figure><a href=\"https:\/\/strasbourgnord.fr\/wp-content\/uploads\/2023\/10\/DSC5539.jpg\" rel=\"ilightbox[69e49c1ebba4b1_49555081]\"><img loading=\"lazy\" decoding=\"async\" width=\"580\" height=\"375\" src=\"https:\/\/strasbourgnord.fr\/wp-content\/uploads\/2023\/10\/DSC5539-580x375.jpg\" class=\"attachment-blog-masonry-thumb size-blog-masonry-thumb\" alt=\"\" \/><\/a><\/figure><\/li><li class=\"cmsmasters_gallery_item\"><figure><a href=\"https:\/\/strasbourgnord.fr\/wp-content\/uploads\/2023\/10\/DSC5998.jpg\" rel=\"ilightbox[69e49c1ebba4b1_49555081]\"><img loading=\"lazy\" decoding=\"async\" width=\"580\" height=\"375\" src=\"https:\/\/strasbourgnord.fr\/wp-content\/uploads\/2023\/10\/DSC5998-580x375.jpg\" class=\"attachment-blog-masonry-thumb size-blog-masonry-thumb\" alt=\"\" srcset=\"https:\/\/strasbourgnord.fr\/wp-content\/uploads\/2023\/10\/DSC5998-580x375.jpg 580w, https:\/\/strasbourgnord.fr\/wp-content\/uploads\/2023\/10\/DSC5998-1160x750.jpg 1160w\" sizes=\"auto, (max-width: 580px) 100vw, 580px\" \/><\/a><\/figure><\/li><li class=\"cmsmasters_gallery_item\"><figure><a href=\"https:\/\/strasbourgnord.fr\/wp-content\/uploads\/2023\/10\/DSC6429.jpg\" rel=\"ilightbox[69e49c1ebba4b1_49555081]\"><img loading=\"lazy\" decoding=\"async\" width=\"580\" height=\"375\" src=\"https:\/\/strasbourgnord.fr\/wp-content\/uploads\/2023\/10\/DSC6429-580x375.jpg\" class=\"attachment-blog-masonry-thumb size-blog-masonry-thumb\" alt=\"\" srcset=\"https:\/\/strasbourgnord.fr\/wp-content\/uploads\/2023\/10\/DSC6429-580x375.jpg 580w, https:\/\/strasbourgnord.fr\/wp-content\/uploads\/2023\/10\/DSC6429-1160x750.jpg 1160w\" sizes=\"auto, (max-width: 580px) 100vw, 580px\" \/><\/a><\/figure><\/li><li class=\"cmsmasters_gallery_item\"><figure><a href=\"https:\/\/strasbourgnord.fr\/wp-content\/uploads\/2023\/10\/DSC5751.jpg\" rel=\"ilightbox[69e49c1ebba4b1_49555081]\"><img loading=\"lazy\" decoding=\"async\" width=\"580\" height=\"375\" src=\"https:\/\/strasbourgnord.fr\/wp-content\/uploads\/2023\/10\/DSC5751-580x375.jpg\" class=\"attachment-blog-masonry-thumb size-blog-masonry-thumb\" alt=\"\" srcset=\"https:\/\/strasbourgnord.fr\/wp-content\/uploads\/2023\/10\/DSC5751-580x375.jpg 580w, https:\/\/strasbourgnord.fr\/wp-content\/uploads\/2023\/10\/DSC5751-1160x750.jpg 1160w\" sizes=\"auto, (max-width: 580px) 100vw, 580px\" \/><\/a><\/figure><\/li><li class=\"cmsmasters_gallery_item\"><figure><a href=\"https:\/\/strasbourgnord.fr\/wp-content\/uploads\/2023\/10\/DSC7157.jpg\" rel=\"ilightbox[69e49c1ebba4b1_49555081]\"><img loading=\"lazy\" decoding=\"async\" width=\"580\" height=\"375\" src=\"https:\/\/strasbourgnord.fr\/wp-content\/uploads\/2023\/10\/DSC7157-580x375.jpg\" class=\"attachment-blog-masonry-thumb size-blog-masonry-thumb\" alt=\"\" srcset=\"https:\/\/strasbourgnord.fr\/wp-content\/uploads\/2023\/10\/DSC7157-580x375.jpg 580w, https:\/\/strasbourgnord.fr\/wp-content\/uploads\/2023\/10\/DSC7157-1160x750.jpg 1160w\" sizes=\"auto, (max-width: 580px) 100vw, 580px\" \/><\/a><\/figure><\/li><\/ul><script type=\"text\/javascript\">\r\n\t\t\t\tjQuery(document).ready(function () {\r\n\t\t\t\t\t(function ($) {\r\n\t\t\t\t\t\tif ($('#cmsmasters_gallery_69e49c1ebba4b1_49555081').find('.cmsmasters_gallery_item').length == '0') {\r\n\t\t\t\t\t\t\treturn false;\r\n\t\t\t\t\t\t}\r\n\t\t\t\t\t\t\r\n\t\t\t\t\t\t\r\n\t\t\t\t\t\tstartGallery( \r\n\t\t\t\t\t\t\t'69e49c1ebba4b1_49555081', \r\n\t\t\t\t\t\t\t'grid', \r\n\t\t\t\t\t\t\t'false', \r\n\t\t\t\t\t\t\t'false' \r\n\t\t\t\t\t\t);\r\n\t\t\t\t\t} )(jQuery);\r\n\t\t\t\t} );\r\n\t\t\t<\/script>\r\n\t\t\t<\/div>\n<\/div>\n<div class=\"cmsmasters_column one_fourth\">\n\n<div id=\"cmsmasters_heading_69e49c1ebced20_78480160\" class=\"cmsmasters_heading_wrap cmsmasters_heading_align_left\">\n\t<h3 class=\"cmsmasters_heading\">Plan d&rsquo;acc\u00e8s<\/h3>\n<\/div>\n\n<div id=\"cmsmasters_divider_69e49c1ebceeb5_98801591\" class=\"cmsmasters_divider cmsmasters_divider_width_long cmsmasters_divider_pos_center\"><\/div>\n<div class=\"custom_html\">\n<p><center><iframe src=\"https:\/\/www.google.com\/maps\/embed?pb=!1m18!1m12!1m3!1d3267.278429879902!2d7.720318516025624!3d48.652177579267764!2m3!1f0!2f0!3f0!3m2!1i1024!2i768!4f13.1!3m3!1m2!1s0x4796b87a1d40624d%3A0xa131591bf850375d!2sDemeclic%20Strasbourg!5e1!3m2!1sfr!2sfr!4v1616490536675!5m2!1sfr!2sfr\" width=\"272\" height=\"272\" style=\"border:0;\" allowfullscreen=\"\" loading=\"lazy\"><\/iframe><\/center><\/p>\n<\/div>\n\n<div id=\"cmsmasters_heading_69e49c1ebcf1c0_43677946\" class=\"cmsmasters_heading_wrap cmsmasters_heading_align_left\">\n\t<h3 class=\"cmsmasters_heading\">Horaires d&rsquo;ouverture<\/h3>\n<\/div>\n<div id=\"cmsmasters_heading_69e49c1ebcf2c7_84732400\" class=\"cmsmasters_heading_wrap cmsmasters_heading_align_left\">\n\t<h5 class=\"cmsmasters_heading\">Du lundi au Vendredi de 08h \u00e0 12h &#8211; 14h \u00e0 18h<\/h5>\n<\/div>\n\n<div id=\"cmsmasters_divider_69e49c1ebcf3c5_68764868\" class=\"cmsmasters_divider cmsmasters_divider_width_long cmsmasters_divider_pos_center\"><\/div>\n\n<div id=\"cmsmasters_heading_69e49c1ebcf4b0_01585212\" class=\"cmsmasters_heading_wrap cmsmasters_heading_align_left\">\n\t<h3 class=\"cmsmasters_heading\">T\u00e9l\u00e9phone :<\/h3>\n<\/div>\n<div id=\"cmsmasters_heading_69e49c1ebcf5b9_95764866\" class=\"cmsmasters_heading_wrap cmsmasters_heading_align_left\">\n\t<h5 class=\"cmsmasters_heading\"><a href=\"tel:0969320556\" target=\"_blank\">09 69 32 05 56<\/a><\/h5>\n<\/div>\n\n<div id=\"cmsmasters_divider_69e49c1ebcf695_37075530\" class=\"cmsmasters_divider cmsmasters_divider_width_long cmsmasters_divider_pos_center\"><\/div>\n\n<div id=\"cmsmasters_heading_69e49c1ebcf787_40038408\" class=\"cmsmasters_heading_wrap cmsmasters_heading_align_left\">\n\t<h3 class=\"cmsmasters_heading\">Site internet :<\/h3>\n<\/div>\n<div id=\"cmsmasters_heading_69e49c1ebcf881_55768738\" class=\"cmsmasters_heading_wrap cmsmasters_heading_align_left\">\n\t<h5 class=\"cmsmasters_heading\"><a href=\"https:\/\/www.demeclic.fr\/\" target=\"_blank\">demeclic.fr<\/a><\/h5>\n<\/div>\n<\/div>\n<\/div>\n<\/div>\n<\/div>\n<\/div>\n<\/div>\n\n","protected":false},"excerpt":{"rendered":"","protected":false},"author":1,"featured_media":0,"parent":9677,"menu_order":0,"comment_status":"closed","ping_status":"closed","template":"","meta":{"footnotes":""},"class_list":["post-10766","page","type-page","status-publish","hentry"],"yoast_head":"<!-- This site is optimized with the Yoast SEO plugin v27.2 - https:\/\/yoast.com\/product\/yoast-seo-wordpress\/ -->\n<title>DEMECLIC - Strasbourg Nord<\/title>\n<meta name=\"robots\" content=\"index, follow, max-snippet:-1, max-image-preview:large, max-video-preview:-1\" \/>\n<link rel=\"canonical\" href=\"https:\/\/strasbourgnord.fr\/index.php\/services\/demeclic\/\" \/>\n<meta property=\"og:locale\" content=\"fr_FR\" \/>\n<meta property=\"og:type\" content=\"article\" \/>\n<meta property=\"og:title\" content=\"DEMECLIC - Strasbourg Nord\" \/>\n<meta property=\"og:url\" content=\"https:\/\/strasbourgnord.fr\/index.php\/services\/demeclic\/\" \/>\n<meta property=\"og:site_name\" content=\"Strasbourg Nord\" \/>\n<meta property=\"article:publisher\" content=\"https:\/\/www.facebook.com\/strasbourgnord\" \/>\n<meta property=\"article:modified_time\" content=\"2023-10-02T17:34:49+00:00\" \/>\n<meta name=\"twitter:card\" content=\"summary_large_image\" \/>\n<meta name=\"twitter:label1\" content=\"Dur\u00e9e de lecture estim\u00e9e\" \/>\n\t<meta name=\"twitter:data1\" content=\"2 minutes\" \/>\n<script type=\"application\/ld+json\" class=\"yoast-schema-graph\">{\"@context\":\"https:\/\/schema.org\",\"@graph\":[{\"@type\":\"WebPage\",\"@id\":\"https:\/\/strasbourgnord.fr\/index.php\/services\/demeclic\/\",\"url\":\"https:\/\/strasbourgnord.fr\/index.php\/services\/demeclic\/\",\"name\":\"DEMECLIC - Strasbourg Nord\",\"isPartOf\":{\"@id\":\"https:\/\/strasbourgnord.fr\/#website\"},\"datePublished\":\"2021-03-23T09:03:39+00:00\",\"dateModified\":\"2023-10-02T17:34:49+00:00\",\"breadcrumb\":{\"@id\":\"https:\/\/strasbourgnord.fr\/index.php\/services\/demeclic\/#breadcrumb\"},\"inLanguage\":\"fr-FR\",\"potentialAction\":[{\"@type\":\"ReadAction\",\"target\":[\"https:\/\/strasbourgnord.fr\/index.php\/services\/demeclic\/\"]}]},{\"@type\":\"BreadcrumbList\",\"@id\":\"https:\/\/strasbourgnord.fr\/index.php\/services\/demeclic\/#breadcrumb\",\"itemListElement\":[{\"@type\":\"ListItem\",\"position\":1,\"name\":\"Home\",\"item\":\"https:\/\/strasbourgnord.fr\/\"},{\"@type\":\"ListItem\",\"position\":2,\"name\":\"Services\",\"item\":\"https:\/\/strasbourgnord.fr\/index.php\/services\/\"},{\"@type\":\"ListItem\",\"position\":3,\"name\":\"DEMECLIC\"}]},{\"@type\":\"WebSite\",\"@id\":\"https:\/\/strasbourgnord.fr\/#website\",\"url\":\"https:\/\/strasbourgnord.fr\/\",\"name\":\"Strasbourg Nord\",\"description\":\"Association des commer\u00e7ants de Strasbourg Nord\",\"publisher\":{\"@id\":\"https:\/\/strasbourgnord.fr\/#organization\"},\"potentialAction\":[{\"@type\":\"SearchAction\",\"target\":{\"@type\":\"EntryPoint\",\"urlTemplate\":\"https:\/\/strasbourgnord.fr\/?s={search_term_string}\"},\"query-input\":{\"@type\":\"PropertyValueSpecification\",\"valueRequired\":true,\"valueName\":\"search_term_string\"}}],\"inLanguage\":\"fr-FR\"},{\"@type\":\"Organization\",\"@id\":\"https:\/\/strasbourgnord.fr\/#organization\",\"name\":\"Association des commer\u00e7ants strasbourg nord\",\"url\":\"https:\/\/strasbourgnord.fr\/\",\"logo\":{\"@type\":\"ImageObject\",\"inLanguage\":\"fr-FR\",\"@id\":\"https:\/\/strasbourgnord.fr\/#\/schema\/logo\/image\/\",\"url\":\"https:\/\/strasbourgnord.fr\/wp-content\/uploads\/2021\/01\/logo_icon_spn.jpg\",\"contentUrl\":\"https:\/\/strasbourgnord.fr\/wp-content\/uploads\/2021\/01\/logo_icon_spn.jpg\",\"width\":512,\"height\":512,\"caption\":\"Association des commer\u00e7ants strasbourg nord\"},\"image\":{\"@id\":\"https:\/\/strasbourgnord.fr\/#\/schema\/logo\/image\/\"},\"sameAs\":[\"https:\/\/www.facebook.com\/strasbourgnord\",\"https:\/\/www.instagram.com\/strasbourg_nord\/\",\"https:\/\/www.linkedin.com\/company\/association-des-commer\u00e7ants-strasbourg-nord\/\"]}]}<\/script>\n<!-- \/ Yoast SEO plugin. -->","yoast_head_json":{"title":"DEMECLIC - Strasbourg Nord","robots":{"index":"index","follow":"follow","max-snippet":"max-snippet:-1","max-image-preview":"max-image-preview:large","max-video-preview":"max-video-preview:-1"},"canonical":"https:\/\/strasbourgnord.fr\/index.php\/services\/demeclic\/","og_locale":"fr_FR","og_type":"article","og_title":"DEMECLIC - Strasbourg Nord","og_url":"https:\/\/strasbourgnord.fr\/index.php\/services\/demeclic\/","og_site_name":"Strasbourg Nord","article_publisher":"https:\/\/www.facebook.com\/strasbourgnord","article_modified_time":"2023-10-02T17:34:49+00:00","twitter_card":"summary_large_image","twitter_misc":{"Dur\u00e9e de lecture estim\u00e9e":"2 minutes"},"schema":{"@context":"https:\/\/schema.org","@graph":[{"@type":"WebPage","@id":"https:\/\/strasbourgnord.fr\/index.php\/services\/demeclic\/","url":"https:\/\/strasbourgnord.fr\/index.php\/services\/demeclic\/","name":"DEMECLIC - Strasbourg Nord","isPartOf":{"@id":"https:\/\/strasbourgnord.fr\/#website"},"datePublished":"2021-03-23T09:03:39+00:00","dateModified":"2023-10-02T17:34:49+00:00","breadcrumb":{"@id":"https:\/\/strasbourgnord.fr\/index.php\/services\/demeclic\/#breadcrumb"},"inLanguage":"fr-FR","potentialAction":[{"@type":"ReadAction","target":["https:\/\/strasbourgnord.fr\/index.php\/services\/demeclic\/"]}]},{"@type":"BreadcrumbList","@id":"https:\/\/strasbourgnord.fr\/index.php\/services\/demeclic\/#breadcrumb","itemListElement":[{"@type":"ListItem","position":1,"name":"Home","item":"https:\/\/strasbourgnord.fr\/"},{"@type":"ListItem","position":2,"name":"Services","item":"https:\/\/strasbourgnord.fr\/index.php\/services\/"},{"@type":"ListItem","position":3,"name":"DEMECLIC"}]},{"@type":"WebSite","@id":"https:\/\/strasbourgnord.fr\/#website","url":"https:\/\/strasbourgnord.fr\/","name":"Strasbourg Nord","description":"Association des commer\u00e7ants de Strasbourg Nord","publisher":{"@id":"https:\/\/strasbourgnord.fr\/#organization"},"potentialAction":[{"@type":"SearchAction","target":{"@type":"EntryPoint","urlTemplate":"https:\/\/strasbourgnord.fr\/?s={search_term_string}"},"query-input":{"@type":"PropertyValueSpecification","valueRequired":true,"valueName":"search_term_string"}}],"inLanguage":"fr-FR"},{"@type":"Organization","@id":"https:\/\/strasbourgnord.fr\/#organization","name":"Association des commer\u00e7ants strasbourg nord","url":"https:\/\/strasbourgnord.fr\/","logo":{"@type":"ImageObject","inLanguage":"fr-FR","@id":"https:\/\/strasbourgnord.fr\/#\/schema\/logo\/image\/","url":"https:\/\/strasbourgnord.fr\/wp-content\/uploads\/2021\/01\/logo_icon_spn.jpg","contentUrl":"https:\/\/strasbourgnord.fr\/wp-content\/uploads\/2021\/01\/logo_icon_spn.jpg","width":512,"height":512,"caption":"Association des commer\u00e7ants strasbourg nord"},"image":{"@id":"https:\/\/strasbourgnord.fr\/#\/schema\/logo\/image\/"},"sameAs":["https:\/\/www.facebook.com\/strasbourgnord","https:\/\/www.instagram.com\/strasbourg_nord\/","https:\/\/www.linkedin.com\/company\/association-des-commer\u00e7ants-strasbourg-nord\/"]}]}},"_links":{"self":[{"href":"https:\/\/strasbourgnord.fr\/index.php\/wp-json\/wp\/v2\/pages\/10766","targetHints":{"allow":["GET"]}}],"collection":[{"href":"https:\/\/strasbourgnord.fr\/index.php\/wp-json\/wp\/v2\/pages"}],"about":[{"href":"https:\/\/strasbourgnord.fr\/index.php\/wp-json\/wp\/v2\/types\/page"}],"author":[{"embeddable":true,"href":"https:\/\/strasbourgnord.fr\/index.php\/wp-json\/wp\/v2\/users\/1"}],"replies":[{"embeddable":true,"href":"https:\/\/strasbourgnord.fr\/index.php\/wp-json\/wp\/v2\/comments?post=10766"}],"version-history":[{"count":4,"href":"https:\/\/strasbourgnord.fr\/index.php\/wp-json\/wp\/v2\/pages\/10766\/revisions"}],"predecessor-version":[{"id":11551,"href":"https:\/\/strasbourgnord.fr\/index.php\/wp-json\/wp\/v2\/pages\/10766\/revisions\/11551"}],"up":[{"embeddable":true,"href":"https:\/\/strasbourgnord.fr\/index.php\/wp-json\/wp\/v2\/pages\/9677"}],"wp:attachment":[{"href":"https:\/\/strasbourgnord.fr\/index.php\/wp-json\/wp\/v2\/media?parent=10766"}],"curies":[{"name":"wp","href":"https:\/\/api.w.org\/{rel}","templated":true}]}}