{"id":10779,"date":"2021-03-23T10:17:08","date_gmt":"2021-03-23T09:17:08","guid":{"rendered":"https:\/\/strasbourgnord.fr\/index.php\/services\/demeclic-copy\/"},"modified":"2021-03-23T10:47:37","modified_gmt":"2021-03-23T09:47:37","slug":"feu-vert","status":"publish","type":"page","link":"https:\/\/strasbourgnord.fr\/index.php\/services\/feu-vert\/","title":{"rendered":"FEU VERT"},"content":{"rendered":"<style type=\"text\/css\"> \n#cmsmasters_row_69e8da3e100a59_37465623 .cmsmasters_row_outer_parent { \n\tpadding-top: 0px; \n} \n\n#cmsmasters_row_69e8da3e100a59_37465623 .cmsmasters_row_outer_parent { \n\tpadding-bottom: 50px; \n} \n\n \n#cmsmasters_row_69e8da3e1012c7_28733573 .cmsmasters_row_outer_parent { \n\tpadding-top: 50px; \n} \n\n#cmsmasters_row_69e8da3e1012c7_28733573 .cmsmasters_row_outer_parent { \n\tpadding-bottom: 55px; \n} \n\n \n#cmsmasters_heading_69e8da3e1023b3_48655403 { \n\ttext-align:left; \n\tmargin-top:0px; \n\tmargin-bottom:20px; \n} \n\n#cmsmasters_heading_69e8da3e1023b3_48655403 .cmsmasters_heading { \n\ttext-align:left; \n} \n\n#cmsmasters_heading_69e8da3e1023b3_48655403 .cmsmasters_heading, #cmsmasters_heading_69e8da3e1023b3_48655403 .cmsmasters_heading a { \n\tfont-weight:700; \n\tfont-style:normal; \n} \n\n#cmsmasters_heading_69e8da3e1023b3_48655403 .cmsmasters_heading_divider { \n} \n\n \n#cmsmasters_divider_69e8da3e102803_30772437 { \n\tborder-bottom-width:1px; \n\tborder-bottom-style:solid; \n\tpadding-top:0px; \n\tmargin-bottom:30px; \n\tborder-bottom-color:#e6332a;\n} \n \n#cmsmasters_divider_69e8da3e102b28_75085419 { \n\tborder-bottom-width:0px; \n\tborder-bottom-style:solid; \n\tpadding-top:0px; \n\tmargin-bottom:30px; \n\tborder-bottom-color:#e6332a;\n} \n\r\n\t\t\t\t#cmsmasters_gallery_69e8da3e102d24_41497245 .cmsmasters_gallery {\r\n\t\t\t\t\tmargin:0 0 0 -15px;\r\n\t\t\t\t}\r\n\t\t\t\t\r\n\t\t\t\t#cmsmasters_gallery_69e8da3e102d24_41497245 .cmsmasters_gallery .cmsmasters_gallery_item {\r\n\t\t\t\t\tpadding:0 0 15px 15px;\r\n\t\t\t\t}\r\n\t\t\t \n#cmsmasters_heading_69e8da3e11c8d7_78943530 { \n\ttext-align:left; \n\tmargin-top:45px; \n\tmargin-bottom:10px; \n} \n\n#cmsmasters_heading_69e8da3e11c8d7_78943530 .cmsmasters_heading { \n\ttext-align:left; \n} \n\n#cmsmasters_heading_69e8da3e11c8d7_78943530 .cmsmasters_heading, #cmsmasters_heading_69e8da3e11c8d7_78943530 .cmsmasters_heading a { \n\tfont-weight:700; \n\tfont-style:normal; \n} \n\n#cmsmasters_heading_69e8da3e11c8d7_78943530 .cmsmasters_heading_divider { \n} \n\n \n#cmsmasters_divider_69e8da3e11cb08_29991018 { \n\tborder-bottom-width:1px; \n\tborder-bottom-style:solid; \n\tpadding-top:20px; \n\tmargin-bottom:20px; \n\tborder-bottom-color:#e6332a;\n} \n \n#cmsmasters_heading_69e8da3e11cee2_35608980 { \n\ttext-align:left; \n\tmargin-top:45px; \n\tmargin-bottom:10px; \n} \n\n#cmsmasters_heading_69e8da3e11cee2_35608980 .cmsmasters_heading { \n\ttext-align:left; \n} \n\n#cmsmasters_heading_69e8da3e11cee2_35608980 .cmsmasters_heading, #cmsmasters_heading_69e8da3e11cee2_35608980 .cmsmasters_heading a { \n\tfont-weight:700; \n\tfont-style:normal; \n} \n\n#cmsmasters_heading_69e8da3e11cee2_35608980 .cmsmasters_heading_divider { \n} \n\n \n#cmsmasters_heading_69e8da3e11d006_54915662 { \n\ttext-align:left; \n\tmargin-top:0px; \n\tmargin-bottom:30px; \n} \n\n#cmsmasters_heading_69e8da3e11d006_54915662 .cmsmasters_heading { \n\ttext-align:left; \n} \n\n#cmsmasters_heading_69e8da3e11d006_54915662 .cmsmasters_heading, #cmsmasters_heading_69e8da3e11d006_54915662 .cmsmasters_heading a { \n\tfont-weight:300; \n\tfont-style:normal; \n} \n\n#cmsmasters_heading_69e8da3e11d006_54915662 .cmsmasters_heading_divider { \n} \n\n \n#cmsmasters_divider_69e8da3e11d109_28280354 { \n\tborder-bottom-width:1px; \n\tborder-bottom-style:solid; \n\tpadding-top:0px; \n\tmargin-bottom:20px; \n\tborder-bottom-color:#e6332a;\n} \n \n#cmsmasters_heading_69e8da3e11d1f1_20241266 { \n\ttext-align:left; \n\tmargin-top:0px; \n\tmargin-bottom:10px; \n} \n\n#cmsmasters_heading_69e8da3e11d1f1_20241266 .cmsmasters_heading { \n\ttext-align:left; \n} \n\n#cmsmasters_heading_69e8da3e11d1f1_20241266 .cmsmasters_heading, #cmsmasters_heading_69e8da3e11d1f1_20241266 .cmsmasters_heading a { \n\tfont-weight:700; \n\tfont-style:normal; \n} \n\n#cmsmasters_heading_69e8da3e11d1f1_20241266 .cmsmasters_heading_divider { \n} \n\n \n#cmsmasters_heading_69e8da3e11d2f0_77479468 { \n\ttext-align:left; \n\tmargin-top:0px; \n\tmargin-bottom:30px; \n} \n\n#cmsmasters_heading_69e8da3e11d2f0_77479468 .cmsmasters_heading { \n\ttext-align:left; \n} \n\n#cmsmasters_heading_69e8da3e11d2f0_77479468 .cmsmasters_heading, #cmsmasters_heading_69e8da3e11d2f0_77479468 .cmsmasters_heading a { \n\tfont-weight:300; \n\tfont-style:normal; \n} \n\n#cmsmasters_heading_69e8da3e11d2f0_77479468 .cmsmasters_heading_divider { \n} \n\n \n#cmsmasters_divider_69e8da3e11d3e0_95040476 { \n\tborder-bottom-width:1px; \n\tborder-bottom-style:solid; \n\tpadding-top:0px; \n\tmargin-bottom:20px; \n\tborder-bottom-color:#e6332a;\n} \n \n#cmsmasters_heading_69e8da3e11d4d4_65022736 { \n\ttext-align:left; \n\tmargin-top:0px; \n\tmargin-bottom:10px; \n} \n\n#cmsmasters_heading_69e8da3e11d4d4_65022736 .cmsmasters_heading { \n\ttext-align:left; \n} \n\n#cmsmasters_heading_69e8da3e11d4d4_65022736 .cmsmasters_heading, #cmsmasters_heading_69e8da3e11d4d4_65022736 .cmsmasters_heading a { \n\tfont-weight:700; \n\tfont-style:normal; \n} \n\n#cmsmasters_heading_69e8da3e11d4d4_65022736 .cmsmasters_heading_divider { \n} \n\n \n#cmsmasters_heading_69e8da3e11d5d0_27399628 { \n\ttext-align:left; \n\tmargin-top:0px; \n\tmargin-bottom:50px; \n} \n\n#cmsmasters_heading_69e8da3e11d5d0_27399628 .cmsmasters_heading { \n\ttext-align:left; \n} \n\n#cmsmasters_heading_69e8da3e11d5d0_27399628 .cmsmasters_heading, #cmsmasters_heading_69e8da3e11d5d0_27399628 .cmsmasters_heading a { \n\tfont-weight:300; \n\tfont-style:normal; \n} \n\n#cmsmasters_heading_69e8da3e11d5d0_27399628 .cmsmasters_heading_divider { \n} \n\n<\/style><div id=\"cmsmasters_row_69e8da3e100a59_37465623\" class=\"cmsmasters_row cmsmasters_color_scheme_default cmsmasters_row_top_default cmsmasters_row_bot_default cmsmasters_row_boxed\">\n<div class=\"cmsmasters_row_outer_parent\">\n<div class=\"cmsmasters_row_outer\">\n<div class=\"cmsmasters_row_inner\">\n<div class=\"cmsmasters_row_margin\">\n<div class=\"cmsmasters_column one_first\">\n<\/div>\n<\/div>\n<\/div>\n<\/div>\n<\/div>\n<\/div>\n<div id=\"cmsmasters_row_69e8da3e1012c7_28733573\" class=\"cmsmasters_row cmsmasters_color_scheme_default cmsmasters_row_top_default cmsmasters_row_bot_default cmsmasters_row_boxed\">\n<div class=\"cmsmasters_row_outer_parent\">\n<div class=\"cmsmasters_row_outer\">\n<div class=\"cmsmasters_row_inner\">\n<div class=\"cmsmasters_row_margin\">\n<div class=\"cmsmasters_column three_fourth\">\n\n<div id=\"cmsmasters_heading_69e8da3e1023b3_48655403\" class=\"cmsmasters_heading_wrap cmsmasters_heading_align_left\">\n\t<h1 class=\"cmsmasters_heading\">FEU VERT<\/h1>\n<\/div><div class=\"cmsmasters_text\">\n<h3 class=\"LC20lb DKV0Md\">LA PATTE DE L&rsquo;EXPERT<\/h3>\n<\/div>\n\n<div id=\"cmsmasters_divider_69e8da3e102803_30772437\" class=\"cmsmasters_divider cmsmasters_divider_width_long cmsmasters_divider_pos_center\"><\/div>\n<div class=\"cmsmasters_text\">\n<p>Depuis 40 ans maintenant, Feu Vert garantit aux automobilistes un entretien et des \u00e9quipements de qualit\u00e9 au meilleur prix. Alors rendez-vous dans le centre le plus proche de chez vous ou retrouvez tout l\u2019univers de Feu Vert, 24h\/24, sur le site d\u2019achat en ligne de pneus, accessoires auto et pi\u00e8ces techniques.<\/p>\n<\/div>\n\n\n<div id=\"cmsmasters_divider_69e8da3e102b28_75085419\" class=\"cl\"><\/div>\n<div id=\"cmsmasters_gallery_69e8da3e102d24_41497245\" class=\"cmsmasters_gallery_wrap\"><ul class=\"cmsmasters_gallery cmsmasters_3 cmsmasters_more_items_loader\"><li class=\"cmsmasters_gallery_item\"><figure><a href=\"https:\/\/strasbourgnord.fr\/wp-content\/uploads\/2021\/03\/logo_feux_vert.jpg\" rel=\"ilightbox[69e8da3e102d24_41497245]\"><img loading=\"lazy\" decoding=\"async\" width=\"185\" height=\"114\" src=\"https:\/\/strasbourgnord.fr\/wp-content\/uploads\/2021\/03\/logo_feux_vert.jpg\" class=\"attachment-blog-masonry-thumb size-blog-masonry-thumb\" alt=\"\" \/><\/a><\/figure><\/li><li class=\"cmsmasters_gallery_item\"><figure><a href=\"https:\/\/strasbourgnord.fr\/wp-content\/uploads\/2021\/03\/feux_vert_1.jpg\" rel=\"ilightbox[69e8da3e102d24_41497245]\"><img loading=\"lazy\" decoding=\"async\" width=\"580\" height=\"375\" src=\"https:\/\/strasbourgnord.fr\/wp-content\/uploads\/2021\/03\/feux_vert_1-580x375.jpg\" class=\"attachment-blog-masonry-thumb size-blog-masonry-thumb\" alt=\"\" \/><\/a><\/figure><\/li><li class=\"cmsmasters_gallery_item\"><figure><a href=\"https:\/\/strasbourgnord.fr\/wp-content\/uploads\/2021\/03\/feux_vert_4.jpg\" rel=\"ilightbox[69e8da3e102d24_41497245]\"><img loading=\"lazy\" decoding=\"async\" width=\"580\" height=\"375\" src=\"https:\/\/strasbourgnord.fr\/wp-content\/uploads\/2021\/03\/feux_vert_4-580x375.jpg\" class=\"attachment-blog-masonry-thumb size-blog-masonry-thumb\" alt=\"\" \/><\/a><\/figure><\/li><li class=\"cmsmasters_gallery_item\"><figure><a href=\"https:\/\/strasbourgnord.fr\/wp-content\/uploads\/2021\/03\/feux_vert_3.jpg\" rel=\"ilightbox[69e8da3e102d24_41497245]\"><img loading=\"lazy\" decoding=\"async\" width=\"580\" height=\"375\" src=\"https:\/\/strasbourgnord.fr\/wp-content\/uploads\/2021\/03\/feux_vert_3-580x375.jpg\" class=\"attachment-blog-masonry-thumb size-blog-masonry-thumb\" alt=\"\" \/><\/a><\/figure><\/li><li class=\"cmsmasters_gallery_item\"><figure><a href=\"https:\/\/strasbourgnord.fr\/wp-content\/uploads\/2021\/03\/feux_vert_2.jpg\" rel=\"ilightbox[69e8da3e102d24_41497245]\"><img loading=\"lazy\" decoding=\"async\" width=\"580\" height=\"375\" src=\"https:\/\/strasbourgnord.fr\/wp-content\/uploads\/2021\/03\/feux_vert_2-580x375.jpg\" class=\"attachment-blog-masonry-thumb size-blog-masonry-thumb\" alt=\"\" \/><\/a><\/figure><\/li><li class=\"cmsmasters_gallery_item\"><figure><a href=\"https:\/\/strasbourgnord.fr\/wp-content\/uploads\/2021\/03\/feux_vert_5.jpg\" rel=\"ilightbox[69e8da3e102d24_41497245]\"><img loading=\"lazy\" decoding=\"async\" width=\"580\" height=\"375\" src=\"https:\/\/strasbourgnord.fr\/wp-content\/uploads\/2021\/03\/feux_vert_5-580x375.jpg\" class=\"attachment-blog-masonry-thumb size-blog-masonry-thumb\" alt=\"\" \/><\/a><\/figure><\/li><\/ul><script type=\"text\/javascript\">\r\n\t\t\t\tjQuery(document).ready(function () {\r\n\t\t\t\t\t(function ($) {\r\n\t\t\t\t\t\tif ($('#cmsmasters_gallery_69e8da3e102d24_41497245').find('.cmsmasters_gallery_item').length == '0') {\r\n\t\t\t\t\t\t\treturn false;\r\n\t\t\t\t\t\t}\r\n\t\t\t\t\t\t\r\n\t\t\t\t\t\t\r\n\t\t\t\t\t\tstartGallery( \r\n\t\t\t\t\t\t\t'69e8da3e102d24_41497245', \r\n\t\t\t\t\t\t\t'grid', \r\n\t\t\t\t\t\t\t'false', \r\n\t\t\t\t\t\t\t'false' \r\n\t\t\t\t\t\t);\r\n\t\t\t\t\t} )(jQuery);\r\n\t\t\t\t} );\r\n\t\t\t<\/script>\r\n\t\t\t<\/div>\n<\/div>\n<div class=\"cmsmasters_column one_fourth\">\n\n<div id=\"cmsmasters_heading_69e8da3e11c8d7_78943530\" class=\"cmsmasters_heading_wrap cmsmasters_heading_align_left\">\n\t<h3 class=\"cmsmasters_heading\">Plan d&rsquo;acc\u00e8s<\/h3>\n<\/div>\n\n<div id=\"cmsmasters_divider_69e8da3e11cb08_29991018\" class=\"cmsmasters_divider cmsmasters_divider_width_long cmsmasters_divider_pos_center\"><\/div>\n<div class=\"custom_html\">\n<p><center><iframe src=\"https:\/\/www.google.com\/maps\/embed?pb=!1m18!1m12!1m3!1d3463.0166055927334!2d7.7208316159551735!3d48.65052772327344!2m3!1f0!2f0!3f0!3m2!1i1024!2i768!4f13.1!3m3!1m2!1s0x4796b870c6ca645b%3A0x105ec8e31cde0d18!2sCentre%20Feu%20Vert%20LAMPERTHEIM!5e1!3m2!1sfr!2sfr!4v1616491173136!5m2!1sfr!2sfr\" width=\"272\" height=\"272\" style=\"border:0;\" allowfullscreen=\"\" loading=\"lazy\"><\/iframe><\/center><\/p>\n<\/div>\n\n<div id=\"cmsmasters_heading_69e8da3e11cee2_35608980\" class=\"cmsmasters_heading_wrap cmsmasters_heading_align_left\">\n\t<h3 class=\"cmsmasters_heading\">Horaires d&rsquo;ouverture<\/h3>\n<\/div>\n<div id=\"cmsmasters_heading_69e8da3e11d006_54915662\" class=\"cmsmasters_heading_wrap cmsmasters_heading_align_left\">\n\t<h5 class=\"cmsmasters_heading\">Lundi de 9h \u00e0 12h &#8211; 14h \u00e0 19h, du mardi au vendredi de 9h \u00e0 12h &#8211; 14h \u00e0 19h30 et le samedi de 09h \u00e0 12h30 &#8211; 13h30 \u00e0 18h<\/h5>\n<\/div>\n\n<div id=\"cmsmasters_divider_69e8da3e11d109_28280354\" class=\"cmsmasters_divider cmsmasters_divider_width_long cmsmasters_divider_pos_center\"><\/div>\n\n<div id=\"cmsmasters_heading_69e8da3e11d1f1_20241266\" class=\"cmsmasters_heading_wrap cmsmasters_heading_align_left\">\n\t<h3 class=\"cmsmasters_heading\">T\u00e9l\u00e9phone :<\/h3>\n<\/div>\n<div id=\"cmsmasters_heading_69e8da3e11d2f0_77479468\" class=\"cmsmasters_heading_wrap cmsmasters_heading_align_left\">\n\t<h5 class=\"cmsmasters_heading\"><a href=\"tel:0388819119\" target=\"_blank\">03 88 81 91 19<\/a><\/h5>\n<\/div>\n\n<div id=\"cmsmasters_divider_69e8da3e11d3e0_95040476\" class=\"cmsmasters_divider cmsmasters_divider_width_long cmsmasters_divider_pos_center\"><\/div>\n\n<div id=\"cmsmasters_heading_69e8da3e11d4d4_65022736\" class=\"cmsmasters_heading_wrap cmsmasters_heading_align_left\">\n\t<h3 class=\"cmsmasters_heading\">Site internet :<\/h3>\n<\/div>\n<div id=\"cmsmasters_heading_69e8da3e11d5d0_27399628\" class=\"cmsmasters_heading_wrap cmsmasters_heading_align_left\">\n\t<h5 class=\"cmsmasters_heading\"><a href=\"https:\/\/www.feuvert.fr\/centres-auto\/lampertheim\/feu-vert-lampertheim\/29.html\" target=\"_blank\">feuvert.fr<\/a><\/h5>\n<\/div>\n<\/div>\n<\/div>\n<\/div>\n<\/div>\n<\/div>\n<\/div>\n\n","protected":false},"excerpt":{"rendered":"","protected":false},"author":1,"featured_media":0,"parent":9677,"menu_order":0,"comment_status":"closed","ping_status":"closed","template":"","meta":{"footnotes":""},"class_list":["post-10779","page","type-page","status-publish","hentry"],"yoast_head":"<!-- This site is optimized with the Yoast SEO plugin v27.2 - https:\/\/yoast.com\/product\/yoast-seo-wordpress\/ -->\n<title>FEU VERT - Strasbourg Nord<\/title>\n<meta name=\"robots\" content=\"index, follow, max-snippet:-1, max-image-preview:large, max-video-preview:-1\" \/>\n<link rel=\"canonical\" href=\"https:\/\/strasbourgnord.fr\/index.php\/services\/feu-vert\/\" \/>\n<meta property=\"og:locale\" content=\"fr_FR\" \/>\n<meta property=\"og:type\" content=\"article\" \/>\n<meta property=\"og:title\" content=\"FEU VERT - Strasbourg Nord\" \/>\n<meta property=\"og:url\" content=\"https:\/\/strasbourgnord.fr\/index.php\/services\/feu-vert\/\" \/>\n<meta property=\"og:site_name\" content=\"Strasbourg Nord\" \/>\n<meta property=\"article:publisher\" content=\"https:\/\/www.facebook.com\/strasbourgnord\" \/>\n<meta property=\"article:modified_time\" content=\"2021-03-23T09:47:37+00:00\" \/>\n<meta name=\"twitter:card\" content=\"summary_large_image\" \/>\n<meta name=\"twitter:label1\" content=\"Dur\u00e9e de lecture estim\u00e9e\" \/>\n\t<meta name=\"twitter:data1\" content=\"1 minute\" \/>\n<script type=\"application\/ld+json\" class=\"yoast-schema-graph\">{\"@context\":\"https:\/\/schema.org\",\"@graph\":[{\"@type\":\"WebPage\",\"@id\":\"https:\/\/strasbourgnord.fr\/index.php\/services\/feu-vert\/\",\"url\":\"https:\/\/strasbourgnord.fr\/index.php\/services\/feu-vert\/\",\"name\":\"FEU VERT - Strasbourg Nord\",\"isPartOf\":{\"@id\":\"https:\/\/strasbourgnord.fr\/#website\"},\"datePublished\":\"2021-03-23T09:17:08+00:00\",\"dateModified\":\"2021-03-23T09:47:37+00:00\",\"breadcrumb\":{\"@id\":\"https:\/\/strasbourgnord.fr\/index.php\/services\/feu-vert\/#breadcrumb\"},\"inLanguage\":\"fr-FR\",\"potentialAction\":[{\"@type\":\"ReadAction\",\"target\":[\"https:\/\/strasbourgnord.fr\/index.php\/services\/feu-vert\/\"]}]},{\"@type\":\"BreadcrumbList\",\"@id\":\"https:\/\/strasbourgnord.fr\/index.php\/services\/feu-vert\/#breadcrumb\",\"itemListElement\":[{\"@type\":\"ListItem\",\"position\":1,\"name\":\"Home\",\"item\":\"https:\/\/strasbourgnord.fr\/\"},{\"@type\":\"ListItem\",\"position\":2,\"name\":\"Services\",\"item\":\"https:\/\/strasbourgnord.fr\/index.php\/services\/\"},{\"@type\":\"ListItem\",\"position\":3,\"name\":\"FEU VERT\"}]},{\"@type\":\"WebSite\",\"@id\":\"https:\/\/strasbourgnord.fr\/#website\",\"url\":\"https:\/\/strasbourgnord.fr\/\",\"name\":\"Strasbourg Nord\",\"description\":\"Association des commer\u00e7ants de Strasbourg Nord\",\"publisher\":{\"@id\":\"https:\/\/strasbourgnord.fr\/#organization\"},\"potentialAction\":[{\"@type\":\"SearchAction\",\"target\":{\"@type\":\"EntryPoint\",\"urlTemplate\":\"https:\/\/strasbourgnord.fr\/?s={search_term_string}\"},\"query-input\":{\"@type\":\"PropertyValueSpecification\",\"valueRequired\":true,\"valueName\":\"search_term_string\"}}],\"inLanguage\":\"fr-FR\"},{\"@type\":\"Organization\",\"@id\":\"https:\/\/strasbourgnord.fr\/#organization\",\"name\":\"Association des commer\u00e7ants strasbourg nord\",\"url\":\"https:\/\/strasbourgnord.fr\/\",\"logo\":{\"@type\":\"ImageObject\",\"inLanguage\":\"fr-FR\",\"@id\":\"https:\/\/strasbourgnord.fr\/#\/schema\/logo\/image\/\",\"url\":\"https:\/\/strasbourgnord.fr\/wp-content\/uploads\/2021\/01\/logo_icon_spn.jpg\",\"contentUrl\":\"https:\/\/strasbourgnord.fr\/wp-content\/uploads\/2021\/01\/logo_icon_spn.jpg\",\"width\":512,\"height\":512,\"caption\":\"Association des commer\u00e7ants strasbourg nord\"},\"image\":{\"@id\":\"https:\/\/strasbourgnord.fr\/#\/schema\/logo\/image\/\"},\"sameAs\":[\"https:\/\/www.facebook.com\/strasbourgnord\",\"https:\/\/www.instagram.com\/strasbourg_nord\/\",\"https:\/\/www.linkedin.com\/company\/association-des-commer\u00e7ants-strasbourg-nord\/\"]}]}<\/script>\n<!-- \/ Yoast SEO plugin. -->","yoast_head_json":{"title":"FEU VERT - Strasbourg Nord","robots":{"index":"index","follow":"follow","max-snippet":"max-snippet:-1","max-image-preview":"max-image-preview:large","max-video-preview":"max-video-preview:-1"},"canonical":"https:\/\/strasbourgnord.fr\/index.php\/services\/feu-vert\/","og_locale":"fr_FR","og_type":"article","og_title":"FEU VERT - Strasbourg Nord","og_url":"https:\/\/strasbourgnord.fr\/index.php\/services\/feu-vert\/","og_site_name":"Strasbourg Nord","article_publisher":"https:\/\/www.facebook.com\/strasbourgnord","article_modified_time":"2021-03-23T09:47:37+00:00","twitter_card":"summary_large_image","twitter_misc":{"Dur\u00e9e de lecture estim\u00e9e":"1 minute"},"schema":{"@context":"https:\/\/schema.org","@graph":[{"@type":"WebPage","@id":"https:\/\/strasbourgnord.fr\/index.php\/services\/feu-vert\/","url":"https:\/\/strasbourgnord.fr\/index.php\/services\/feu-vert\/","name":"FEU VERT - Strasbourg Nord","isPartOf":{"@id":"https:\/\/strasbourgnord.fr\/#website"},"datePublished":"2021-03-23T09:17:08+00:00","dateModified":"2021-03-23T09:47:37+00:00","breadcrumb":{"@id":"https:\/\/strasbourgnord.fr\/index.php\/services\/feu-vert\/#breadcrumb"},"inLanguage":"fr-FR","potentialAction":[{"@type":"ReadAction","target":["https:\/\/strasbourgnord.fr\/index.php\/services\/feu-vert\/"]}]},{"@type":"BreadcrumbList","@id":"https:\/\/strasbourgnord.fr\/index.php\/services\/feu-vert\/#breadcrumb","itemListElement":[{"@type":"ListItem","position":1,"name":"Home","item":"https:\/\/strasbourgnord.fr\/"},{"@type":"ListItem","position":2,"name":"Services","item":"https:\/\/strasbourgnord.fr\/index.php\/services\/"},{"@type":"ListItem","position":3,"name":"FEU VERT"}]},{"@type":"WebSite","@id":"https:\/\/strasbourgnord.fr\/#website","url":"https:\/\/strasbourgnord.fr\/","name":"Strasbourg Nord","description":"Association des commer\u00e7ants de Strasbourg Nord","publisher":{"@id":"https:\/\/strasbourgnord.fr\/#organization"},"potentialAction":[{"@type":"SearchAction","target":{"@type":"EntryPoint","urlTemplate":"https:\/\/strasbourgnord.fr\/?s={search_term_string}"},"query-input":{"@type":"PropertyValueSpecification","valueRequired":true,"valueName":"search_term_string"}}],"inLanguage":"fr-FR"},{"@type":"Organization","@id":"https:\/\/strasbourgnord.fr\/#organization","name":"Association des commer\u00e7ants strasbourg nord","url":"https:\/\/strasbourgnord.fr\/","logo":{"@type":"ImageObject","inLanguage":"fr-FR","@id":"https:\/\/strasbourgnord.fr\/#\/schema\/logo\/image\/","url":"https:\/\/strasbourgnord.fr\/wp-content\/uploads\/2021\/01\/logo_icon_spn.jpg","contentUrl":"https:\/\/strasbourgnord.fr\/wp-content\/uploads\/2021\/01\/logo_icon_spn.jpg","width":512,"height":512,"caption":"Association des commer\u00e7ants strasbourg nord"},"image":{"@id":"https:\/\/strasbourgnord.fr\/#\/schema\/logo\/image\/"},"sameAs":["https:\/\/www.facebook.com\/strasbourgnord","https:\/\/www.instagram.com\/strasbourg_nord\/","https:\/\/www.linkedin.com\/company\/association-des-commer\u00e7ants-strasbourg-nord\/"]}]}},"_links":{"self":[{"href":"https:\/\/strasbourgnord.fr\/index.php\/wp-json\/wp\/v2\/pages\/10779","targetHints":{"allow":["GET"]}}],"collection":[{"href":"https:\/\/strasbourgnord.fr\/index.php\/wp-json\/wp\/v2\/pages"}],"about":[{"href":"https:\/\/strasbourgnord.fr\/index.php\/wp-json\/wp\/v2\/types\/page"}],"author":[{"embeddable":true,"href":"https:\/\/strasbourgnord.fr\/index.php\/wp-json\/wp\/v2\/users\/1"}],"replies":[{"embeddable":true,"href":"https:\/\/strasbourgnord.fr\/index.php\/wp-json\/wp\/v2\/comments?post=10779"}],"version-history":[{"count":4,"href":"https:\/\/strasbourgnord.fr\/index.php\/wp-json\/wp\/v2\/pages\/10779\/revisions"}],"predecessor-version":[{"id":10792,"href":"https:\/\/strasbourgnord.fr\/index.php\/wp-json\/wp\/v2\/pages\/10779\/revisions\/10792"}],"up":[{"embeddable":true,"href":"https:\/\/strasbourgnord.fr\/index.php\/wp-json\/wp\/v2\/pages\/9677"}],"wp:attachment":[{"href":"https:\/\/strasbourgnord.fr\/index.php\/wp-json\/wp\/v2\/media?parent=10779"}],"curies":[{"name":"wp","href":"https:\/\/api.w.org\/{rel}","templated":true}]}}